{"id":597,"date":"2020-09-11T06:27:32","date_gmt":"2020-09-11T06:27:32","guid":{"rendered":"http:\/\/klbtheme.com\/medibazar\/?page_id=21"},"modified":"2023-11-02T12:05:48","modified_gmt":"2023-11-02T12:05:48","slug":"vaistu-informacine-sistema","status":"publish","type":"page","link":"https:\/\/medgyd.lt\/cc\/","title":{"rendered":"Vaist\u0173 informacin\u0117 sistema &#8211; MedGyd.lt"},"content":{"rendered":"\t\t<div data-elementor-type=\"wp-page\" data-elementor-id=\"597\" class=\"elementor elementor-597\" data-elementor-post-type=\"page\">\n\t\t\t\t\t\t<section class=\"elementor-section elementor-top-section elementor-element elementor-element-6451a63 elementor-section-full_width elementor-section-height-default elementor-section-height-default\" data-id=\"6451a63\" data-element_type=\"section\">\n\t\t\t\t\t\t<div class=\"elementor-container elementor-column-gap-no\">\n\t\t\t\t\t<div class=\"elementor-column elementor-col-100 elementor-top-column elementor-element elementor-element-37c82ef\" data-id=\"37c82ef\" data-element_type=\"column\">\n\t\t\t<div class=\"elementor-widget-wrap elementor-element-populated\">\n\t\t\t\t\t\t<div class=\"elementor-element elementor-element-cde7753 elementor-widget elementor-widget-medibazar-hero-slider\" data-id=\"cde7753\" data-element_type=\"widget\" data-widget_type=\"medibazar-hero-slider.default\">\n\t\t\t\t<div class=\"elementor-widget-container\">\n\t\t\t<section class=\"hero-area\"><div class=\"hero-slider\"><div class=\"slider-active\"><div class=\"single-slider slider-height d-flex align-items-center\" data-background=\"https:\/\/medgyd.lt\/cc\/wp-content\/plugins\/medibazar-core\/elementor\/images\/slider-hero-bg.jpg\"><div class=\"container\"><div class=\"row\"><div class=\"col-xl-5 col-lg-6\"><div class=\"hero-text mt-90\"><div class=\"hero-slider-caption \"><span data-animation=\"fadeInUp\" data-delay=\".2s\">Vaistai<\/span><h2 data-animation=\"fadeInUp\" data-delay=\".4s\">Vaist\u0173 informacin\u0117 sistema<\/h2><p data-animation=\"fadeInUp\" data-delay=\".6s\">Naujausia informacija apie vaist\u0173 sud\u0117t\u012f, technin\u0119 informacij\u0105 ir naudojim\u0105.<\/p><\/div><div class=\"hero-slider-btn\"><a data-animation=\"fadeInUp\" data-delay=\".8s\" href=\"\/cc\/vaistai\/\"  class=\"c-btn\">Nar\u0161yti <i class=\"far fa-plus\"><\/i><\/a> <\/div><\/div><\/div><div class=\"col-xl-7 col-lg-6\"><div class=\"slider-img d-none d-lg-block\" data-animation=\"fadeInRight\" data-delay=\".8s\"><img decoding=\"async\" src=\"https:\/\/medgyd.lt\/cc\/wp-content\/uploads\/2023\/10\/820_generated.png\" alt=\"\"><\/div><\/div><\/div><\/div><\/div><\/div><\/div><\/section>\t\t<\/div>\n\t\t\t\t<\/div>\n\t\t\t\t\t<\/div>\n\t\t<\/div>\n\t\t\t\t\t<\/div>\n\t\t<\/section>\n\t\t\t\t<section class=\"elementor-section elementor-top-section elementor-element elementor-element-7b0af9a elementor-section-boxed elementor-section-height-default elementor-section-height-default\" data-id=\"7b0af9a\" data-element_type=\"section\">\n\t\t\t\t\t\t<div class=\"elementor-container elementor-column-gap-default\">\n\t\t\t\t\t<div class=\"elementor-column elementor-col-100 elementor-top-column elementor-element elementor-element-d40a525\" data-id=\"d40a525\" data-element_type=\"column\">\n\t\t\t<div class=\"elementor-widget-wrap elementor-element-populated\">\n\t\t\t\t\t\t<section class=\"elementor-section elementor-inner-section elementor-element elementor-element-b60a6ac elementor-section-boxed elementor-section-height-default elementor-section-height-default\" data-id=\"b60a6ac\" data-element_type=\"section\">\n\t\t\t\t\t\t<div class=\"elementor-container elementor-column-gap-extended\">\n\t\t\t\t\t<div class=\"elementor-column elementor-col-25 elementor-inner-column elementor-element elementor-element-87496e4\" data-id=\"87496e4\" data-element_type=\"column\">\n\t\t\t<div class=\"elementor-widget-wrap elementor-element-populated\">\n\t\t\t\t\t\t<div class=\"elementor-element elementor-element-d57f63c elementor-widget elementor-widget-medibazar-counter-box\" data-id=\"d57f63c\" data-element_type=\"widget\" data-widget_type=\"medibazar-counter-box.default\">\n\t\t\t\t<div class=\"elementor-widget-container\">\n\t\t\t<div class=\"counter-wrapper text-center\"><div class=\"counter-icon\"><i class=\"fal fa-heart\"><\/i><\/div><div class=\"counter-text\"><h2 class=\"counter\">50560<\/h2><span>Preparat\u0173 duomen\u0173 baz\u0117je<\/span><\/div><\/div>\t\t<\/div>\n\t\t\t\t<\/div>\n\t\t\t\t\t<\/div>\n\t\t<\/div>\n\t\t\t\t<div class=\"elementor-column elementor-col-25 elementor-inner-column elementor-element elementor-element-9925a59\" data-id=\"9925a59\" data-element_type=\"column\">\n\t\t\t<div class=\"elementor-widget-wrap elementor-element-populated\">\n\t\t\t\t\t\t<div class=\"elementor-element elementor-element-e817ff4 elementor-widget elementor-widget-medibazar-counter-box\" data-id=\"e817ff4\" data-element_type=\"widget\" data-widget_type=\"medibazar-counter-box.default\">\n\t\t\t\t<div class=\"elementor-widget-container\">\n\t\t\t<div class=\"counter-wrapper text-center\"><div class=\"counter-icon\"><i class=\"fal fa-praying-hands\"><\/i><\/div><div class=\"counter-text\"><h2 class=\"counter\">9862<\/h2><span>U\u017eklaus\u0173 kasdien<\/span><\/div><\/div>\t\t<\/div>\n\t\t\t\t<\/div>\n\t\t\t\t\t<\/div>\n\t\t<\/div>\n\t\t\t\t<div class=\"elementor-column elementor-col-25 elementor-inner-column elementor-element elementor-element-1b4f5cd\" data-id=\"1b4f5cd\" data-element_type=\"column\">\n\t\t\t<div class=\"elementor-widget-wrap elementor-element-populated\">\n\t\t\t\t\t\t<div class=\"elementor-element elementor-element-24ee5da elementor-widget elementor-widget-medibazar-counter-box\" data-id=\"24ee5da\" data-element_type=\"widget\" data-widget_type=\"medibazar-counter-box.default\">\n\t\t\t\t<div class=\"elementor-widget-container\">\n\t\t\t<div class=\"counter-wrapper text-center\"><div class=\"counter-icon\"><i class=\"fal fa-users\"><\/i><\/div><div class=\"counter-text\"><h2 class=\"counter\">19563<\/h2><span>Specialist\u0173 licencij\u0173<\/span><\/div><\/div>\t\t<\/div>\n\t\t\t\t<\/div>\n\t\t\t\t\t<\/div>\n\t\t<\/div>\n\t\t\t\t<div class=\"elementor-column elementor-col-25 elementor-inner-column elementor-element elementor-element-685084a\" data-id=\"685084a\" data-element_type=\"column\">\n\t\t\t<div class=\"elementor-widget-wrap elementor-element-populated\">\n\t\t\t\t\t\t<div class=\"elementor-element elementor-element-d23ca33 elementor-widget elementor-widget-medibazar-counter-box\" data-id=\"d23ca33\" data-element_type=\"widget\" data-widget_type=\"medibazar-counter-box.default\">\n\t\t\t\t<div class=\"elementor-widget-container\">\n\t\t\t<div class=\"counter-wrapper text-center\"><div class=\"counter-icon\"><i class=\"fal fa-history\"><\/i><\/div><div class=\"counter-text\"><h2 class=\"counter\">6539<\/h2><span>\u0160iandien mus aplank\u0117<\/span><\/div><\/div>\t\t<\/div>\n\t\t\t\t<\/div>\n\t\t\t\t\t<\/div>\n\t\t<\/div>\n\t\t\t\t\t<\/div>\n\t\t<\/section>\n\t\t\t\t\t<\/div>\n\t\t<\/div>\n\t\t\t\t\t<\/div>\n\t\t<\/section>\n\t\t<div class=\"elementor-element elementor-element-2f6068b e-flex e-con-boxed e-con e-parent\" data-id=\"2f6068b\" data-element_type=\"container\" data-core-v316-plus=\"true\">\n\t\t\t\t\t<div class=\"e-con-inner\">\n\t\t\t\t<div class=\"elementor-element elementor-element-ebd64e7 elementor-widget elementor-widget-wp-widget-search\" data-id=\"ebd64e7\" data-element_type=\"widget\" data-widget_type=\"wp-widget-search.default\">\n\t\t\t\t<div class=\"elementor-widget-container\">\n\t\t\t<div class=\"search_form\">\n\t<form class=\"search-form\" id=\"search-form\" action=\"https:\/\/medgyd.lt\/cc\/\" method=\"get\"> \n\t\t<input type=\"text\" name=\"s\" placeholder=\"Search...\" autocomplete=\"off\">\n\t\t<button type=\"submit\" title=\"Subscribe\" class=\"btn icon_search\" name=\"submit\" value=\"Submit\">\n\t\t\t<i class=\"fas fa-search\"><\/i>\n\t\t<\/button>\n\t<\/form>\n<\/div>\t\t<\/div>\n\t\t\t\t<\/div>\n\t\t\t\t<div class=\"elementor-element elementor-element-fd6251d elementor-widget elementor-widget-wp-widget-tag_cloud\" data-id=\"fd6251d\" data-element_type=\"widget\" data-widget_type=\"wp-widget-tag_cloud.default\">\n\t\t\t\t<div class=\"elementor-widget-container\">\n\t\t\t<h5>\u017dymos<\/h5><div class=\"tagcloud\"><a href=\"https:\/\/medgyd.lt\/cc\/tag\/akiu-lasai-tirpalas\/\" class=\"tag-cloud-link tag-link-319 tag-link-position-1\" style=\"font-size: 10.163636363636pt;\" aria-label=\"aki\u0173 la\u0161ai (tirpalas) (147 elementai)\">aki\u0173 la\u0161ai (tirpalas)<\/a>\n<a href=\"https:\/\/medgyd.lt\/cc\/tag\/atorvastatinas\/\" class=\"tag-cloud-link tag-link-4685 tag-link-position-2\" style=\"font-size: 8.3818181818182pt;\" aria-label=\"Atorvastatinas (77 elementai)\">Atorvastatinas<\/a>\n<a href=\"https:\/\/medgyd.lt\/cc\/tag\/augalines\/\" class=\"tag-cloud-link tag-link-635 tag-link-position-3\" style=\"font-size: 9.9727272727273pt;\" aria-label=\"Augalin\u0117s (137 elementai)\">Augalin\u0117s<\/a>\n<a href=\"https:\/\/medgyd.lt\/cc\/tag\/biologinis\/\" class=\"tag-cloud-link tag-link-186 tag-link-position-4\" style=\"font-size: 16.654545454545pt;\" aria-label=\"Biologinis (1&nbsp;564 elementai)\">Biologinis<\/a>\n<a href=\"https:\/\/medgyd.lt\/cc\/tag\/burnoje-disperguojamos-tabletes\/\" class=\"tag-cloud-link tag-link-2359 tag-link-position-5\" style=\"font-size: 9.6545454545455pt;\" aria-label=\"burnoje disperguojamos tablet\u0117s (121 elementas)\">burnoje disperguojamos tablet\u0117s<\/a>\n<a href=\"https:\/\/medgyd.lt\/cc\/tag\/cheminis\/\" class=\"tag-cloud-link tag-link-120 tag-link-position-6\" style=\"font-size: 21.809090909091pt;\" aria-label=\"Cheminis (9&nbsp;908 elementai)\">Cheminis<\/a>\n<a href=\"https:\/\/medgyd.lt\/cc\/tag\/dengtos-tabletes\/\" class=\"tag-cloud-link tag-link-198 tag-link-position-7\" style=\"font-size: 9.4636363636364pt;\" aria-label=\"dengtos tablet\u0117s (113 element\u0173)\">dengtos tablet\u0117s<\/a>\n<a href=\"https:\/\/medgyd.lt\/cc\/tag\/gelis\/\" class=\"tag-cloud-link tag-link-298 tag-link-position-8\" style=\"font-size: 8.6363636363636pt;\" aria-label=\"gelis (84 elementai)\">gelis<\/a>\n<a href=\"https:\/\/medgyd.lt\/cc\/tag\/geriamasis-tirpalas\/\" class=\"tag-cloud-link tag-link-131 tag-link-position-9\" style=\"font-size: 9.4636363636364pt;\" aria-label=\"geriamasis tirpalas (113 element\u0173)\">geriamasis tirpalas<\/a>\n<a href=\"https:\/\/medgyd.lt\/cc\/tag\/geriamieji-lasai-tirpalas\/\" class=\"tag-cloud-link tag-link-128 tag-link-position-10\" style=\"font-size: 8.6363636363636pt;\" aria-label=\"geriamieji la\u0161ai (tirpalas) (85 elementai)\">geriamieji la\u0161ai (tirpalas)<\/a>\n<a href=\"https:\/\/medgyd.lt\/cc\/tag\/geriamoji-suspensija\/\" class=\"tag-cloud-link tag-link-180 tag-link-position-11\" style=\"font-size: 8pt;\" aria-label=\"geriamoji suspensija (67 elementai)\">geriamoji suspensija<\/a>\n<a href=\"https:\/\/medgyd.lt\/cc\/tag\/gyvulines-ir-mineralines-kilmes\/\" class=\"tag-cloud-link tag-link-636 tag-link-position-12\" style=\"font-size: 9.9727272727273pt;\" aria-label=\"gyvulin\u0117s ir mineralin\u0117s kilm\u0117s (137 elementai)\">gyvulin\u0117s ir mineralin\u0117s kilm\u0117s<\/a>\n<a href=\"https:\/\/medgyd.lt\/cc\/tag\/homeopatinis\/\" class=\"tag-cloud-link tag-link-628 tag-link-position-13\" style=\"font-size: 9.7181818181818pt;\" aria-label=\"Homeopatinis (125 elementai)\">Homeopatinis<\/a>\n<a href=\"https:\/\/medgyd.lt\/cc\/tag\/ibuprofenas\/\" class=\"tag-cloud-link tag-link-285 tag-link-position-14\" style=\"font-size: 8.5727272727273pt;\" aria-label=\"Ibuprofenas (82 elementai)\">Ibuprofenas<\/a>\n<a href=\"https:\/\/medgyd.lt\/cc\/tag\/infuzinis-tirpalas\/\" class=\"tag-cloud-link tag-link-164 tag-link-position-15\" style=\"font-size: 11.118181818182pt;\" aria-label=\"infuzinis tirpalas (209 elementai)\">infuzinis tirpalas<\/a>\n<a href=\"https:\/\/medgyd.lt\/cc\/tag\/injekcinis-ar-infuzinis-tirpalas\/\" class=\"tag-cloud-link tag-link-205 tag-link-position-16\" style=\"font-size: 10.990909090909pt;\" aria-label=\"injekcinis ar infuzinis tirpalas (198 elementai)\">injekcinis ar infuzinis tirpalas<\/a>\n<a href=\"https:\/\/medgyd.lt\/cc\/tag\/injekcinis-tirpalas\/\" class=\"tag-cloud-link tag-link-117 tag-link-position-17\" style=\"font-size: 14.236363636364pt;\" aria-label=\"injekcinis tirpalas (651 elementas)\">injekcinis tirpalas<\/a>\n<a href=\"https:\/\/medgyd.lt\/cc\/tag\/injekcinis-tirpalas-uzpildytame-svirkste\/\" class=\"tag-cloud-link tag-link-1339 tag-link-position-18\" style=\"font-size: 12.2pt;\" aria-label=\"injekcinis tirpalas u\u017epildytame \u0161virk\u0161te (308 elementai)\">injekcinis tirpalas u\u017epildytame \u0161virk\u0161te<\/a>\n<a href=\"https:\/\/medgyd.lt\/cc\/tag\/injekcinis-tirpalas-uzpildytame-svirkstiklyje\/\" class=\"tag-cloud-link tag-link-3342 tag-link-position-19\" style=\"font-size: 11.054545454545pt;\" aria-label=\"injekcinis tirpalas u\u017epildytame \u0161virk\u0161tiklyje (204 elementai)\">injekcinis tirpalas u\u017epildytame \u0161virk\u0161tiklyje<\/a>\n<a href=\"https:\/\/medgyd.lt\/cc\/tag\/injekcine-suspensija\/\" class=\"tag-cloud-link tag-link-144 tag-link-position-20\" style=\"font-size: 8.9545454545455pt;\" aria-label=\"injekcin\u0117 suspensija (95 elementai)\">injekcin\u0117 suspensija<\/a>\n<a href=\"https:\/\/medgyd.lt\/cc\/tag\/kietosios-kapsules\/\" class=\"tag-cloud-link tag-link-153 tag-link-position-21\" style=\"font-size: 15.190909090909pt;\" aria-label=\"kietosios kapsul\u0117s (905 elementai)\">kietosios kapsul\u0117s<\/a>\n<a href=\"https:\/\/medgyd.lt\/cc\/tag\/koncentratas-infuziniam-tirpalui\/\" class=\"tag-cloud-link tag-link-137 tag-link-position-22\" style=\"font-size: 12.327272727273pt;\" aria-label=\"koncentratas infuziniam tirpalui (319 element\u0173)\">koncentratas infuziniam tirpalui<\/a>\n<a href=\"https:\/\/medgyd.lt\/cc\/tag\/kremas\/\" class=\"tag-cloud-link tag-link-293 tag-link-position-23\" style=\"font-size: 8.7pt;\" aria-label=\"kremas (87 elementai)\">kremas<\/a>\n<a href=\"https:\/\/medgyd.lt\/cc\/tag\/kvetiapinas\/\" class=\"tag-cloud-link tag-link-7000 tag-link-position-24\" style=\"font-size: 8.3181818181818pt;\" aria-label=\"Kvetiapinas (75 elementai)\">Kvetiapinas<\/a>\n<a href=\"https:\/\/medgyd.lt\/cc\/tag\/lenalidomidas\/\" class=\"tag-cloud-link tag-link-9430 tag-link-position-25\" style=\"font-size: 8.5090909090909pt;\" aria-label=\"Lenalidomidas (80 element\u0173)\">Lenalidomidas<\/a>\n<a href=\"https:\/\/medgyd.lt\/cc\/tag\/milteliai-infuziniam-tirpalui\/\" class=\"tag-cloud-link tag-link-1292 tag-link-position-26\" style=\"font-size: 9.5272727272727pt;\" aria-label=\"milteliai infuziniam tirpalui (117 element\u0173)\">milteliai infuziniam tirpalui<\/a>\n<a href=\"https:\/\/medgyd.lt\/cc\/tag\/milteliai-infuzinio-tirpalo-koncentratui\/\" class=\"tag-cloud-link tag-link-1480 tag-link-position-27\" style=\"font-size: 10.609090909091pt;\" aria-label=\"milteliai infuzinio tirpalo koncentratui (174 elementai)\">milteliai infuzinio tirpalo koncentratui<\/a>\n<a href=\"https:\/\/medgyd.lt\/cc\/tag\/milteliai-injekciniam-ar-infuziniam-tirpalui\/\" class=\"tag-cloud-link tag-link-519 tag-link-position-28\" style=\"font-size: 10.290909090909pt;\" aria-label=\"milteliai injekciniam ar infuziniam tirpalui (153 elementai)\">milteliai injekciniam ar infuziniam tirpalui<\/a>\n<a href=\"https:\/\/medgyd.lt\/cc\/tag\/milteliai-injekciniam-tirpalui\/\" class=\"tag-cloud-link tag-link-831 tag-link-position-29\" style=\"font-size: 9.9727272727273pt;\" aria-label=\"milteliai injekciniam tirpalui (138 elementai)\">milteliai injekciniam tirpalui<\/a>\n<a href=\"https:\/\/medgyd.lt\/cc\/tag\/milteliai-ir-tirpiklis-injekciniam-tirpalui\/\" class=\"tag-cloud-link tag-link-242 tag-link-position-30\" style=\"font-size: 11.945454545455pt;\" aria-label=\"milteliai ir tirpiklis injekciniam tirpalui (281 elementas)\">milteliai ir tirpiklis injekciniam tirpalui<\/a>\n<a href=\"https:\/\/medgyd.lt\/cc\/tag\/minkstosios-kapsules\/\" class=\"tag-cloud-link tag-link-167 tag-link-position-31\" style=\"font-size: 9.2727272727273pt;\" aria-label=\"mink\u0161tosios kapsul\u0117s (105 elementai)\">mink\u0161tosios kapsul\u0117s<\/a>\n<a href=\"https:\/\/medgyd.lt\/cc\/tag\/nereceptinis\/\" class=\"tag-cloud-link tag-link-124 tag-link-position-32\" style=\"font-size: 15.890909090909pt;\" aria-label=\"Nereceptinis (1&nbsp;168 elementai)\">Nereceptinis<\/a>\n<a href=\"https:\/\/medgyd.lt\/cc\/tag\/olanzapinas\/\" class=\"tag-cloud-link tag-link-674 tag-link-position-33\" style=\"font-size: 9.4pt;\" aria-label=\"Olanzapinas (111 element\u0173)\">Olanzapinas<\/a>\n<a href=\"https:\/\/medgyd.lt\/cc\/tag\/pailginto-atpalaidavimo-kietosios-kapsules\/\" class=\"tag-cloud-link tag-link-267 tag-link-position-34\" style=\"font-size: 8.1909090909091pt;\" aria-label=\"pailginto atpalaidavimo kietosios kapsul\u0117s (71 elementas)\">pailginto atpalaidavimo kietosios kapsul\u0117s<\/a>\n<a href=\"https:\/\/medgyd.lt\/cc\/tag\/pailginto-atpalaidavimo-tabletes\/\" class=\"tag-cloud-link tag-link-141 tag-link-position-35\" style=\"font-size: 12.072727272727pt;\" aria-label=\"pailginto atpalaidavimo tablet\u0117s (293 elementai)\">pailginto atpalaidavimo tablet\u0117s<\/a>\n<a href=\"https:\/\/medgyd.lt\/cc\/tag\/plevele-dengtos-tabletes\/\" class=\"tag-cloud-link tag-link-157 tag-link-position-36\" style=\"font-size: 18.5pt;\" aria-label=\"pl\u0117vele dengtos tablet\u0117s (3&nbsp;039 elementai)\">pl\u0117vele dengtos tablet\u0117s<\/a>\n<a href=\"https:\/\/medgyd.lt\/cc\/tag\/pramipeksolis\/\" class=\"tag-cloud-link tag-link-956 tag-link-position-37\" style=\"font-size: 8.1272727272727pt;\" aria-label=\"Pramipeksolis (70 element\u0173)\">Pramipeksolis<\/a>\n<a href=\"https:\/\/medgyd.lt\/cc\/tag\/pregabalinas\/\" class=\"tag-cloud-link tag-link-160 tag-link-position-38\" style=\"font-size: 9.7181818181818pt;\" aria-label=\"Pregabalinas (126 elementai)\">Pregabalinas<\/a>\n<a href=\"https:\/\/medgyd.lt\/cc\/tag\/receptinis\/\" class=\"tag-cloud-link tag-link-119 tag-link-position-39\" style=\"font-size: 22pt;\" aria-label=\"Receptinis (10&nbsp;706 elementai)\">Receptinis<\/a>\n<a href=\"https:\/\/medgyd.lt\/cc\/tag\/rivaroksabanas\/\" class=\"tag-cloud-link tag-link-10276 tag-link-position-40\" style=\"font-size: 8.1272727272727pt;\" aria-label=\"Rivaroksabanas (69 elementai)\">Rivaroksabanas<\/a>\n<a href=\"https:\/\/medgyd.lt\/cc\/tag\/skrandyje-neirios-kietosios-kapsules\/\" class=\"tag-cloud-link tag-link-431 tag-link-position-41\" style=\"font-size: 9.9727272727273pt;\" aria-label=\"skrandyje neirios kietosios kapsul\u0117s (137 elementai)\">skrandyje neirios kietosios kapsul\u0117s<\/a>\n<a href=\"https:\/\/medgyd.lt\/cc\/tag\/skrandyje-neirios-tabletes\/\" class=\"tag-cloud-link tag-link-592 tag-link-position-42\" style=\"font-size: 9.5272727272727pt;\" aria-label=\"skrandyje neirios tablet\u0117s (116 element\u0173)\">skrandyje neirios tablet\u0117s<\/a>\n<a href=\"https:\/\/medgyd.lt\/cc\/tag\/tabletes\/\" class=\"tag-cloud-link tag-link-139 tag-link-position-43\" style=\"font-size: 16.272727272727pt;\" aria-label=\"tablet\u0117s (1&nbsp;344 elementai)\">tablet\u0117s<\/a>\n<a href=\"https:\/\/medgyd.lt\/cc\/tag\/tradicinis-augalinis\/\" class=\"tag-cloud-link tag-link-701 tag-link-position-44\" style=\"font-size: 8.3181818181818pt;\" aria-label=\"Tradicinis augalinis (75 elementai)\">Tradicinis augalinis<\/a>\n<a href=\"https:\/\/medgyd.lt\/cc\/tag\/zmogaus-viii-rdnr-koaguliacijos-faktorius\/\" class=\"tag-cloud-link tag-link-5745 tag-link-position-45\" style=\"font-size: 8.8909090909091pt;\" aria-label=\"\u017dmogaus VIII (rDNR) koaguliacijos faktorius (93 elementai)\">\u017dmogaus VIII (rDNR) koaguliacijos faktorius<\/a><\/div>\n\t\t<\/div>\n\t\t\t\t<\/div>\n\t\t\t\t\t<\/div>\n\t\t\t\t<\/div>\n\t\t\t\t<\/div>\n\t\t","protected":false},"excerpt":{"rendered":"<p>Vaistai Vaist\u0173 informacin\u0117 sistema Naujausia informacija apie vaist\u0173 sud\u0117t\u012f, technin\u0119 informacij\u0105 ir naudojim\u0105. Nar\u0161yti 50560 Preparat\u0173 duomen\u0173 baz\u0117je 9862 U\u017eklaus\u0173 kasdien 19563 Specialist\u0173 licencij\u0173 6539 \u0160iandien mus aplank\u0117<\/p>\n","protected":false},"author":1,"featured_media":0,"parent":0,"menu_order":0,"comment_status":"closed","ping_status":"closed","template":"","meta":{"footnotes":""},"class_list":["post-597","page","type-page","status-publish","hentry"],"_links":{"self":[{"href":"https:\/\/medgyd.lt\/cc\/wp-json\/wp\/v2\/pages\/597","targetHints":{"allow":["GET"]}}],"collection":[{"href":"https:\/\/medgyd.lt\/cc\/wp-json\/wp\/v2\/pages"}],"about":[{"href":"https:\/\/medgyd.lt\/cc\/wp-json\/wp\/v2\/types\/page"}],"author":[{"embeddable":true,"href":"https:\/\/medgyd.lt\/cc\/wp-json\/wp\/v2\/users\/1"}],"replies":[{"embeddable":true,"href":"https:\/\/medgyd.lt\/cc\/wp-json\/wp\/v2\/comments?post=597"}],"version-history":[{"count":43,"href":"https:\/\/medgyd.lt\/cc\/wp-json\/wp\/v2\/pages\/597\/revisions"}],"predecessor-version":[{"id":43689,"href":"https:\/\/medgyd.lt\/cc\/wp-json\/wp\/v2\/pages\/597\/revisions\/43689"}],"wp:attachment":[{"href":"https:\/\/medgyd.lt\/cc\/wp-json\/wp\/v2\/media?parent=597"}],"curies":[{"name":"wp","href":"https:\/\/api.w.org\/{rel}","templated":true}]}}