{"id":8219,"date":"2023-11-02T16:56:01","date_gmt":"2023-11-02T16:56:01","guid":{"rendered":"https:\/\/medgyd.lt\/parduotuve\/?post_type=product&#038;p=8219"},"modified":"2026-02-10T17:18:02","modified_gmt":"2026-02-10T17:18:02","slug":"kraujospudzio-matavimo-aparatas","status":"publish","type":"product","link":"https:\/\/medgyd.lt\/parduotuve\/produktas\/kraujospudzio-matavimo-aparatas\/","title":{"rendered":"Kraujosp\u016bd\u017eio matavimo aparatas"},"content":{"rendered":"<p>1. Skyst\u0173j\u0173 kristal\u0173 ekranas: Sumaniai sukurtas, kad b\u016bt\u0173 lengvas ir ai\u0161kus skaitymas, kraujosp\u016bd\u017eio man\u017eete yra didelis skyst\u0173j\u0173 kristal\u0173 ekranas, kad b\u016bt\u0173 galima tiksliau nuskaityti rodmenis per 45 sekundes.<\/p>\n<p>2. Didel\u0117 saugojimo talpa: 99 matavimai leid\u017eia steb\u0117ti j\u016bs\u0173 kraujosp\u016bd\u017eio poky\u010dius. Palyginkite pastar\u0173j\u0173 dien\u0173 rodmenis, kad gal\u0117tum\u0117te imtis veiksm\u0173, kad i\u0161vengtum\u0117te sveikatos problem\u0173.<\/p>\n<p>3. Lengva naudoti:\u00a0 m\u016bs\u0173 automatinis kraujosp\u016bd\u017eio aparatas pateikia ai\u0161kius ir tikslius duomenis per 45 sekundes vienu mygtuko paspaudimu.<\/p>\n<p>4. Valdymas vienu mygtuko paspaudimu: \u0161is visi\u0161kai automatinis kraujosp\u016bd\u017eio matuoklis leid\u017eia gauti i\u0161matuot\u0105 vert\u0119 vienu mygtuko paspaudimu. Paspauskite mygtuk\u0105 \u201eStart\/Stop\u201c, kad prad\u0117tum\u0117te matavim\u0105, i\u0161 anksto nustatytum\u0117te man\u017eet\u0117s sl\u0117g\u012f, i\u0161matuokite.<\/p>\n<p>5. Tiksl\u016bs rodmenys: automatinis kraujosp\u016bd\u017eio matuoklis turi pa\u017eangi\u0105 matavimo technologij\u0105, kad gautum\u0117te tiksliausius rodmenis. Patogu steb\u0117ti savo kasdien\u0119 sveikat\u0105.<\/p>\n<p>&nbsp;<\/p>\n<p>Apib\u016bdinimas:<\/p>\n<p>Sumaniai sukurta, kad b\u016bt\u0173 lengva ir ai\u0161kiai nuskaityti, kraujosp\u016bd\u017eio man\u017eet\u0117 turi didel\u012f LCD ekran\u0105, kad b\u016bt\u0173 galima tiksliau nustatyti rodmenis per 45 sekundes. Automatinis kraujosp\u016bd\u017eio matuoklis turi pa\u017eangi\u0105 matavimo technologij\u0105, kuri u\u017etikrina tiksliausius rodmenis. Patogu steb\u0117ti savo kasdien\u0119 sveikat\u0105.<\/p>\n<p>&nbsp;<\/p>\n<p>Specifikacijos:<\/p>\n<p>Med\u017eiaga: PC+ABS<\/p>\n<p>Dydis: 118*95*65mm<\/p>\n<p>Spalvotos d\u0117\u017eut\u0117s dydis: 112*102*162mm<\/p>\n<p>Maitinimas: baterija (nepridedama)<\/p>\n<p>Tipas: be balso<\/p>\n<p>Laikymo temperat\u016bra: -20 \u2103 ~ 50 \u2103<\/p>\n<p>Laikymo dr\u0117gm\u0117: 15% ~ 90%<\/p>\n<p>Darbin\u0117 temperat\u016bra: 10\u2103 ~ 40\u2103<\/p>\n<p>Darbin\u0117 dr\u0117gm\u0117: 40% ~ 85%<\/p>\n<p>Impulsas: (40-200) kart\u0173\/min<\/p>\n<p>Skiriamoji geba: 1 mmHg (0,1 kPa)<\/p>\n<p>Tikslumas: \u00b13 mmHg (\u00b10,4 kPa)<\/p>\n<p>Pulsas: per \u00b13 % nuo rodmens<\/p>\n<p>\u012etampa: 3V<\/p>\n<p>Energijos s\u0105naudos: 0,01W<\/p>\n<p>&nbsp;<\/p>\n<p>\u012e pakuot\u0119 \u012feina:<\/p>\n<p>1vnt* kraujosp\u016bd\u017eio matavimo aparatas (be baterijos)<\/p>\n<p>1vnt* Instrukcija<\/p>\n<p>1vnt* D\u0117\u017eut\u0117<\/p>\n<p>&nbsp;<\/p>\n","protected":false},"excerpt":{"rendered":"<p>\u0160is kraujo spaudimo prietaisas yra labai paprastas naudoti &#8211; vieno mygtuko veiksmu prad\u0117site matavim\u0105, nes man\u017eet\u0117s sl\u0117gis jau nustatytas i\u0161 anksto. Be to, patobulintas matavimo technologijos, naudojamos \u0161iame prietaise, u\u017etikrina, kad gausite tiksliausius rezultatus. Tai puikus b\u016bdas patikimai sekti savo kasdienin\u0119 sveikat\u0105 ir gerinti gyvenimo kokyb\u0119.<\/p>\n","protected":false},"featured_media":8226,"comment_status":"open","ping_status":"closed","template":"","meta":{"inline_featured_image":false,"_monsterinsights_skip_tracking":false,"_monsterinsights_sitenote_active":false,"_monsterinsights_sitenote_note":"","_monsterinsights_sitenote_category":0},"product_brand":[],"product_cat":[91],"product_tag":[],"class_list":{"0":"post-8219","1":"product","2":"type-product","3":"status-publish","4":"has-post-thumbnail","6":"product_cat-kraujospudzio-matavimo-aparatai","8":"first","9":"instock","10":"sale","11":"shipping-taxable","12":"purchasable","13":"product-type-simple"},"_links":{"self":[{"href":"https:\/\/medgyd.lt\/parduotuve\/wp-json\/wp\/v2\/product\/8219","targetHints":{"allow":["GET"]}}],"collection":[{"href":"https:\/\/medgyd.lt\/parduotuve\/wp-json\/wp\/v2\/product"}],"about":[{"href":"https:\/\/medgyd.lt\/parduotuve\/wp-json\/wp\/v2\/types\/product"}],"replies":[{"embeddable":true,"href":"https:\/\/medgyd.lt\/parduotuve\/wp-json\/wp\/v2\/comments?post=8219"}],"wp:featuredmedia":[{"embeddable":true,"href":"https:\/\/medgyd.lt\/parduotuve\/wp-json\/wp\/v2\/media\/8226"}],"wp:attachment":[{"href":"https:\/\/medgyd.lt\/parduotuve\/wp-json\/wp\/v2\/media?parent=8219"}],"wp:term":[{"taxonomy":"product_brand","embeddable":true,"href":"https:\/\/medgyd.lt\/parduotuve\/wp-json\/wp\/v2\/product_brand?post=8219"},{"taxonomy":"product_cat","embeddable":true,"href":"https:\/\/medgyd.lt\/parduotuve\/wp-json\/wp\/v2\/product_cat?post=8219"},{"taxonomy":"product_tag","embeddable":true,"href":"https:\/\/medgyd.lt\/parduotuve\/wp-json\/wp\/v2\/product_tag?post=8219"}],"curies":[{"name":"wp","href":"https:\/\/api.w.org\/{rel}","templated":true}]}}