{"id":8616,"date":"2023-11-16T13:39:35","date_gmt":"2023-11-16T13:39:35","guid":{"rendered":"https:\/\/medgyd.lt\/parduotuve\/?post_type=product&#038;p=8616"},"modified":"2026-02-09T11:20:28","modified_gmt":"2026-02-09T11:20:28","slug":"otoskopas-su-3x-didinimo-funkcija-ir-8-antgaliais","status":"publish","type":"product","link":"https:\/\/medgyd.lt\/parduotuve\/produktas\/otoskopas-su-3x-didinimo-funkcija-ir-8-antgaliais\/","title":{"rendered":"Otoskopas su 3x didinimo funkcija ir 8 antgaliais"},"content":{"rendered":"<p><strong>Savyb\u0117s:<\/strong><\/p>\n<p>\u2022 Distalinis ap\u0161vietimas, su itin ry\u0161kia LED \u0161viesa<br \/>\n\u2022 Pagaminta i\u0161 auk\u0161\u010diausios kokyb\u0117s med\u017eiag\u0173<br \/>\n\u2022 3 kartus didinatis l\u0119\u0161is<br \/>\n\u2022 Otoskopas apr\u016bpintas 8 aus\u0173 antgaliais, po du kiekvienam dyd\u017eiui: 2,4 mm \/ 3 mm \/ 4 mm \/ 5 mm.<br \/>\n\u2022 Galimos spalvos: juoda \/ m\u0117lyna \/ \u017ealia\/ purpurin\u0117<\/p>\n<p><strong>Specifikacija:<\/strong><\/p>\n<p>100% nauja prek\u0117<\/p>\n<p>Prek\u0117s tipas: Otoskopas<\/p>\n<p>Med\u017eiaga: ABS<\/p>\n<p>Spalva: Pasirenkama<\/p>\n<p>Tipas: Tiesioginis ap\u0161vietimas<\/p>\n<p>Artinimo funkcija: 3 kart\u0173 artinimas<\/p>\n<p>Antgaliai: 2,4\/3\/4\/5 mm\u00d72<\/p>\n<p>Lempa: LED ir 109J3.0V 80mA (5000 darbo valandos)<\/p>\n<p>Spalvos temperat\u016bra: 6000K+\/-5%<\/p>\n<p>Baterija: 2 x AA baterijos (nepridedamos)<\/p>\n<p>&nbsp;<\/p>\n<p><strong>Pakuot\u0117s s\u0105ra\u0161as:<\/strong><\/p>\n<p>1 x Otoskopas<\/p>\n<p>8 x Aus\u0173 antgaliai<\/p>\n<p>1 x Instrukcija<\/p>\n<p>&nbsp;<\/p>\n<p><strong>Kod\u0117l verta rinktis mus?<\/strong><\/p>\n<p><strong>Platus produkt\u0173 pasirinkimas:<\/strong> M\u016bs\u0173 parduotuv\u0117je rasite itin plat\u0173 medicinos technikos ir sveikatos prie\u017ei\u016bros priemoni\u0173 asortiment\u0105. Stengiam\u0117s atsi\u017evelgti \u012f \u012fvairius klient\u0173 poreikius ir u\u017etikrinti, kad rasite visk\u0105, ko reikia, r\u016bpinantis sveikata ir gerove.<\/p>\n<p><strong>Auk\u0161tos kokyb\u0117s produktai \u2013 garantuota kokyb\u0117:<\/strong> Mes tiekiame tik auk\u0161\u010diausios kokyb\u0117s medicinos priemones, atid\u017eiai atrinktas i\u0161 patikim\u0173 tiek\u0117j\u0173. Visi m\u016bs\u0173 produktai yra pagaminti i\u0161 kokybi\u0161k\u0173 med\u017eiag\u0173, tod\u0117l galite b\u016bti tikri d\u0117l j\u0173 patikimumo ir ilgaam\u017ei\u0161kumo.<\/p>\n<p><strong>Inovatyv\u016bs sprendimai ir funkcionalumas:<\/strong> Kiekvienas m\u016bs\u0173 produktas pasi\u017eymi pa\u017eangiausiomis technologijomis ir inovatyviais dizaino sprendimais, kurie u\u017etikrina lengv\u0105 ir patog\u0173 naudojim\u0105. M\u016bs\u0173 tikslas \u2013 ne tik u\u017etikrinti efektyvi\u0105 sveikatos prie\u017ei\u016br\u0105, bet ir palengvinti j\u016bs\u0173 kasdienyb\u0119.<\/p>\n<p><strong>Patogi ir saugi apsipirkimo patirtis:<\/strong> M\u016bs\u0173 internetin\u0117 parduotuv\u0117 yra sukurta taip, kad j\u016bs\u0173 apsipirkimo procesas b\u016bt\u0173 paprastas ir patogus. Suteikiame saugius atsiskaitymo b\u016bdus ir greit\u0105 pristatym\u0105 \u2013 u\u017esakymai jus pasieks vos per 1-3 darbo dienas.<\/p>\n<p><strong>Puikus klient\u0173 aptarnavimas:<\/strong> M\u016bs\u0173 profesionali komanda visada pasiruo\u0161usi atsakyti \u012f j\u016bs\u0173 klausimus ir pad\u0117ti i\u0161sirinkti tinkamiausius produktus. Esame pasiry\u017e\u0119 suteikti auk\u0161\u010diausio lygio aptarnavim\u0105 bei u\u017etikrinti klient\u0173 pasitenkinim\u0105.<\/p>\n<p><strong>Konkurencinga kaina:<\/strong> M\u016bs\u0173 kainos yra konkurencingos rinkoje, tad gausite auk\u0161tos kokyb\u0117s produktus u\u017e prieinam\u0105 kain\u0105. Siekiame, kad sveikatos prie\u017ei\u016bra b\u016bt\u0173 prieinama visiems, neprarandant kokyb\u0117s.<\/p>\n<p>Rinkdamiesi m\u016bs\u0173 parduotuv\u0119, pasirinksite patikimus ir inovatyvius sprendimus, puik\u0173 aptarnavim\u0105 ir optimal\u0173 kainos ir kokyb\u0117s santyk\u012f. Leiskite mums pad\u0117ti jums pasir\u016bpinti savo sveikata ir komfortu!<\/p>\n","protected":false},"excerpt":{"rendered":"<p>\u2022 Distalinis ap\u0161vietimas, su itin ry\u0161kia LED \u0161viesa<br \/>\n\u2022 Pagaminta i\u0161 auk\u0161\u010diausios kokyb\u0117s med\u017eiag\u0173<br \/>\n\u2022 3 kartus didinatis l\u0119\u0161is<br \/>\n\u2022 Otoskopas apr\u016bpintas 8 aus\u0173 antgaliais, po du kiekvienam dyd\u017eiui: 2,4 mm \/ 3 mm \/ 4 mm \/ 5 mm.<\/p>\n","protected":false},"featured_media":8634,"comment_status":"open","ping_status":"closed","template":"","meta":{"inline_featured_image":false,"_monsterinsights_skip_tracking":false,"_monsterinsights_sitenote_active":false,"_monsterinsights_sitenote_note":"","_monsterinsights_sitenote_category":0},"product_brand":[],"product_cat":[123,124],"product_tag":[127,125,126],"class_list":{"0":"post-8616","1":"product","2":"type-product","3":"status-publish","4":"has-post-thumbnail","6":"product_cat-gydytojams","7":"product_cat-otoskopai","8":"product_tag-gydytojui","9":"product_tag-otoskopas","10":"product_tag-prietaisai","12":"first","13":"outofstock","14":"shipping-taxable","15":"product-type-variable"},"_links":{"self":[{"href":"https:\/\/medgyd.lt\/parduotuve\/wp-json\/wp\/v2\/product\/8616","targetHints":{"allow":["GET"]}}],"collection":[{"href":"https:\/\/medgyd.lt\/parduotuve\/wp-json\/wp\/v2\/product"}],"about":[{"href":"https:\/\/medgyd.lt\/parduotuve\/wp-json\/wp\/v2\/types\/product"}],"replies":[{"embeddable":true,"href":"https:\/\/medgyd.lt\/parduotuve\/wp-json\/wp\/v2\/comments?post=8616"}],"wp:featuredmedia":[{"embeddable":true,"href":"https:\/\/medgyd.lt\/parduotuve\/wp-json\/wp\/v2\/media\/8634"}],"wp:attachment":[{"href":"https:\/\/medgyd.lt\/parduotuve\/wp-json\/wp\/v2\/media?parent=8616"}],"wp:term":[{"taxonomy":"product_brand","embeddable":true,"href":"https:\/\/medgyd.lt\/parduotuve\/wp-json\/wp\/v2\/product_brand?post=8616"},{"taxonomy":"product_cat","embeddable":true,"href":"https:\/\/medgyd.lt\/parduotuve\/wp-json\/wp\/v2\/product_cat?post=8616"},{"taxonomy":"product_tag","embeddable":true,"href":"https:\/\/medgyd.lt\/parduotuve\/wp-json\/wp\/v2\/product_tag?post=8616"}],"curies":[{"name":"wp","href":"https:\/\/api.w.org\/{rel}","templated":true}]}}