{"id":8637,"date":"2023-11-16T13:59:20","date_gmt":"2023-11-16T13:59:20","guid":{"rendered":"https:\/\/medgyd.lt\/parduotuve\/?post_type=product&#038;p=8637"},"modified":"2025-10-26T15:00:50","modified_gmt":"2025-10-26T15:00:50","slug":"neurologinis-plaktukas","status":"publish","type":"product","link":"https:\/\/medgyd.lt\/parduotuve\/produktas\/neurologinis-plaktukas\/","title":{"rendered":"Neurologinis plaktukas"},"content":{"rendered":"<p>Funkcijos:<\/p>\n<p>Saugi ir patikima kokyb\u0117, jokio \u0161alutinio poveikio, ne\u0161iojamas ir paprastas naudoti.<\/p>\n<p>Tai b\u016btina gydytojams neurologams, ortopedams chirurgams, \u0161eimos gydytojams<\/p>\n<p>Kruop\u0161tus apdirbimas, patikima kokyb\u0117, puikus dizainas leid\u017eia lengvai atlikti neurologin\u012f i\u0161tyrim\u0105.<\/p>\n<p>&nbsp;<\/p>\n<p>Specifikacija:<\/p>\n<p>100% nauja prek\u0117<\/p>\n<p>Med\u017eiaga: cinko lydinys + ABS<\/p>\n<p>Dydis: 6 cm \/ 2,36 colio * 18,4 cm \/ 7,24 colio<\/p>\n<p>\u012e paket\u0105 \u012feina:<\/p>\n<p>1 x neurologinis plaktukas<\/p>\n<p>&nbsp;<\/p>\n","protected":false},"excerpt":{"rendered":"<p>Funkcijos: Saugi ir patikima kokyb\u0117, jokio \u0161alutinio poveikio, ne\u0161iojamas ir paprastas naudoti. Tai b\u016btina gydytojams neurologams, ortopedams chirurgams, \u0161eimos gydytojams Kruop\u0161tus apdirbimas, patikima kokyb\u0117, puikus dizainas leid\u017eia lengvai atlikti neurologin\u012f i\u0161tyrim\u0105. &nbsp; Specifikacija: 100% nauja prek\u0117 Med\u017eiaga: cinko lydinys + ABS Dydis: 6 cm \/ 2,36 colio * 18,4 cm \/ 7,24 colio \u012e paket\u0105 &hellip; <\/p>\n<p class=\"more-link-wrap\"><a href=\"https:\/\/medgyd.lt\/parduotuve\/produktas\/neurologinis-plaktukas\/\" class=\"more-link\"><i class=\"opal-icon-plus\" aria-hidden=\"true\"><\/i><span>Daugiau<span class=\"screen-reader-text\"> &#8222;Neurologinis plaktukas&#8221;<\/span><\/span><\/a><\/p>\n","protected":false},"featured_media":8647,"comment_status":"open","ping_status":"closed","template":"","meta":{"inline_featured_image":false,"_monsterinsights_skip_tracking":false,"_monsterinsights_sitenote_active":false,"_monsterinsights_sitenote_note":"","_monsterinsights_sitenote_category":0},"product_brand":[],"product_cat":[123],"product_tag":[129,128],"class_list":{"0":"post-8637","1":"product","2":"type-product","3":"status-publish","4":"has-post-thumbnail","6":"product_cat-gydytojams","7":"product_tag-neurologui","8":"product_tag-plaktukas","10":"first","11":"outofstock","12":"shipping-taxable","13":"purchasable","14":"product-type-variable"},"_links":{"self":[{"href":"https:\/\/medgyd.lt\/parduotuve\/wp-json\/wp\/v2\/product\/8637","targetHints":{"allow":["GET"]}}],"collection":[{"href":"https:\/\/medgyd.lt\/parduotuve\/wp-json\/wp\/v2\/product"}],"about":[{"href":"https:\/\/medgyd.lt\/parduotuve\/wp-json\/wp\/v2\/types\/product"}],"replies":[{"embeddable":true,"href":"https:\/\/medgyd.lt\/parduotuve\/wp-json\/wp\/v2\/comments?post=8637"}],"wp:featuredmedia":[{"embeddable":true,"href":"https:\/\/medgyd.lt\/parduotuve\/wp-json\/wp\/v2\/media\/8647"}],"wp:attachment":[{"href":"https:\/\/medgyd.lt\/parduotuve\/wp-json\/wp\/v2\/media?parent=8637"}],"wp:term":[{"taxonomy":"product_brand","embeddable":true,"href":"https:\/\/medgyd.lt\/parduotuve\/wp-json\/wp\/v2\/product_brand?post=8637"},{"taxonomy":"product_cat","embeddable":true,"href":"https:\/\/medgyd.lt\/parduotuve\/wp-json\/wp\/v2\/product_cat?post=8637"},{"taxonomy":"product_tag","embeddable":true,"href":"https:\/\/medgyd.lt\/parduotuve\/wp-json\/wp\/v2\/product_tag?post=8637"}],"curies":[{"name":"wp","href":"https:\/\/api.w.org\/{rel}","templated":true}]}}