{"id":8652,"date":"2023-11-16T14:12:22","date_gmt":"2023-11-16T14:12:22","guid":{"rendered":"https:\/\/medgyd.lt\/parduotuve\/?post_type=product&#038;p=8652"},"modified":"2025-10-26T15:00:50","modified_gmt":"2025-10-26T15:00:50","slug":"mini-zibintuvelis-xc100","status":"publish","type":"product","link":"https:\/\/medgyd.lt\/parduotuve\/produktas\/mini-zibintuvelis-xc100\/","title":{"rendered":"Mini \u017eibintuv\u0117lis XC100"},"content":{"rendered":"<p>Apib\u016bdinimas:<\/p>\n<p>Ne\u0161iojamas mini dydis, ra\u0161iklio formos, 8,8 cm ilgio.<br \/>\n1 pamainos jungiklio re\u017eimo konstrukcija.<br \/>\nYra su ra\u0161iklio sagtimi, tinka ne\u0161iotis.<br \/>\nSpecifikacija:<br \/>\nMed\u017eiaga: aliuminio lydinys<br \/>\nDydis: 8cm<br \/>\nSpalva: juoda<br \/>\nLED tipas: XPE-R3<br \/>\nJungiklis: galinis gaubtas (ON\/OFF)<br \/>\nAtsparus vandeniui lygis: atsparus vandeniui kasdieniam gyvenimui<br \/>\nMaitinimas: 1x AAA baterija (\u012f komplekt\u0105 ne\u012feina)<br \/>\nDarbin\u0117 \u012ftampa: 1,8-3V<br \/>\nKiekis: 1vnt<br \/>\n\u012e komplektacij\u0105 \u012feina: 1X mini \u017eibintuv\u0117lis<\/p>\n","protected":false},"excerpt":{"rendered":"<p>Apib\u016bdinimas: Ne\u0161iojamas mini dydis, ra\u0161iklio formos, 8,8 cm ilgio. 1 pamainos jungiklio re\u017eimo konstrukcija. Yra su ra\u0161iklio sagtimi, tinka ne\u0161iotis. Specifikacija: Med\u017eiaga: aliuminio lydinys Dydis: 8cm Spalva: juoda LED tipas: XPE-R3 Jungiklis: galinis gaubtas (ON\/OFF) Atsparus vandeniui lygis: atsparus vandeniui kasdieniam gyvenimui Maitinimas: 1x AAA baterija (\u012f komplekt\u0105 ne\u012feina) Darbin\u0117 \u012ftampa: 1,8-3V Kiekis: 1vnt \u012e &hellip; <\/p>\n<p class=\"more-link-wrap\"><a href=\"https:\/\/medgyd.lt\/parduotuve\/produktas\/mini-zibintuvelis-xc100\/\" class=\"more-link\"><i class=\"opal-icon-plus\" aria-hidden=\"true\"><\/i><span>Daugiau<span class=\"screen-reader-text\"> &#8222;Mini \u017eibintuv\u0117lis XC100&#8221;<\/span><\/span><\/a><\/p>\n","protected":false},"featured_media":8655,"comment_status":"open","ping_status":"closed","template":"","meta":{"inline_featured_image":false,"_monsterinsights_skip_tracking":false,"_monsterinsights_sitenote_active":false,"_monsterinsights_sitenote_note":"","_monsterinsights_sitenote_category":0},"product_brand":[],"product_cat":[123,130],"product_tag":[],"class_list":{"0":"post-8652","1":"product","2":"type-product","3":"status-publish","4":"has-post-thumbnail","6":"product_cat-gydytojams","7":"product_cat-zibintuveliai","9":"first","10":"instock","11":"sale","12":"shipping-taxable","13":"purchasable","14":"product-type-simple"},"_links":{"self":[{"href":"https:\/\/medgyd.lt\/parduotuve\/wp-json\/wp\/v2\/product\/8652","targetHints":{"allow":["GET"]}}],"collection":[{"href":"https:\/\/medgyd.lt\/parduotuve\/wp-json\/wp\/v2\/product"}],"about":[{"href":"https:\/\/medgyd.lt\/parduotuve\/wp-json\/wp\/v2\/types\/product"}],"replies":[{"embeddable":true,"href":"https:\/\/medgyd.lt\/parduotuve\/wp-json\/wp\/v2\/comments?post=8652"}],"wp:featuredmedia":[{"embeddable":true,"href":"https:\/\/medgyd.lt\/parduotuve\/wp-json\/wp\/v2\/media\/8655"}],"wp:attachment":[{"href":"https:\/\/medgyd.lt\/parduotuve\/wp-json\/wp\/v2\/media?parent=8652"}],"wp:term":[{"taxonomy":"product_brand","embeddable":true,"href":"https:\/\/medgyd.lt\/parduotuve\/wp-json\/wp\/v2\/product_brand?post=8652"},{"taxonomy":"product_cat","embeddable":true,"href":"https:\/\/medgyd.lt\/parduotuve\/wp-json\/wp\/v2\/product_cat?post=8652"},{"taxonomy":"product_tag","embeddable":true,"href":"https:\/\/medgyd.lt\/parduotuve\/wp-json\/wp\/v2\/product_tag?post=8652"}],"curies":[{"name":"wp","href":"https:\/\/api.w.org\/{rel}","templated":true}]}}