{"id":8675,"date":"2023-12-21T09:33:14","date_gmt":"2023-12-21T09:33:14","guid":{"rendered":"https:\/\/medgyd.lt\/parduotuve\/?post_type=product&#038;p=8675"},"modified":"2025-12-18T14:16:28","modified_gmt":"2025-12-18T14:16:28","slug":"difuzorius-su-usb-jungtimi","status":"publish","type":"product","link":"https:\/\/medgyd.lt\/parduotuve\/produktas\/difuzorius-su-usb-jungtimi\/","title":{"rendered":"Difuzorius aromaterapijai su USB jungtimi"},"content":{"rendered":"<h3>Dr\u0117kinimo galia<\/h3>\n<p>\u2265250ml\/h<\/p>\n<h3>Forma<\/h3>\n<p>Klasikin\u0117 stulpin\u0117<\/p>\n<h3>Pritaikymas<\/h3>\n<p>&lt;10\u33a1<\/p>\n<h3>Maitinimo tipas<\/h3>\n<p>USB<\/p>\n<h3>Dr\u0117gm\u0117s kontrol\u0117<\/h3>\n<p>Higrometras<\/p>\n<h3>Paskirtis<\/h3>\n<p>Nam\u0173 Aplinka<\/p>\n<h3>Funkcija<\/h3>\n<p>Aromaterapija<\/p>\n<h3>Laiko funkcija<\/h3>\n<p>Taip<\/p>\n<h3>Automatinis i\u0161sijungimas vandens tr\u016bkumo atveju<\/h3>\n<p>Taip<\/p>\n<h3>Tipas<\/h3>\n<p>\u0160alto garo difuzorius<\/p>\n<h3>Garso lygis<\/h3>\n<p>&lt;36db<\/p>\n<h3>Talpa<\/h3>\n<p>260ml<\/p>\n<h3>\u012etampa (V)<\/h3>\n<p>5V<\/p>\n<h3>Galia (W)<\/h3>\n<p>2W<\/p>\n","protected":false},"excerpt":{"rendered":"<p>Dr\u0117kinimo galia \u2265250ml\/h Forma Klasikin\u0117 stulpin\u0117 Pritaikymas &lt;10\u33a1 Maitinimo tipas USB Dr\u0117gm\u0117s kontrol\u0117 Higrometras Paskirtis Nam\u0173 Aplinka Funkcija Aromaterapija Laiko funkcija Taip Automatinis i\u0161sijungimas vandens tr\u016bkumo atveju Taip Tipas \u0160alto garo difuzorius Garso lygis &lt;36db Talpa 260ml \u012etampa (V) 5V Galia (W) 2W<\/p>\n","protected":false},"featured_media":8692,"comment_status":"open","ping_status":"closed","template":"","meta":{"inline_featured_image":false,"_monsterinsights_skip_tracking":false,"_monsterinsights_sitenote_active":false,"_monsterinsights_sitenote_note":"","_monsterinsights_sitenote_category":0},"product_brand":[],"product_cat":[132,131],"product_tag":[133,134],"class_list":{"0":"post-8675","1":"product","2":"type-product","3":"status-publish","4":"has-post-thumbnail","6":"product_cat-difuzoriai","7":"product_cat-namams","8":"product_tag-difuzorius","9":"product_tag-usb","11":"first","12":"instock","13":"sale","14":"shipping-taxable","15":"purchasable","16":"product-type-variable"},"_links":{"self":[{"href":"https:\/\/medgyd.lt\/parduotuve\/wp-json\/wp\/v2\/product\/8675","targetHints":{"allow":["GET"]}}],"collection":[{"href":"https:\/\/medgyd.lt\/parduotuve\/wp-json\/wp\/v2\/product"}],"about":[{"href":"https:\/\/medgyd.lt\/parduotuve\/wp-json\/wp\/v2\/types\/product"}],"replies":[{"embeddable":true,"href":"https:\/\/medgyd.lt\/parduotuve\/wp-json\/wp\/v2\/comments?post=8675"}],"wp:featuredmedia":[{"embeddable":true,"href":"https:\/\/medgyd.lt\/parduotuve\/wp-json\/wp\/v2\/media\/8692"}],"wp:attachment":[{"href":"https:\/\/medgyd.lt\/parduotuve\/wp-json\/wp\/v2\/media?parent=8675"}],"wp:term":[{"taxonomy":"product_brand","embeddable":true,"href":"https:\/\/medgyd.lt\/parduotuve\/wp-json\/wp\/v2\/product_brand?post=8675"},{"taxonomy":"product_cat","embeddable":true,"href":"https:\/\/medgyd.lt\/parduotuve\/wp-json\/wp\/v2\/product_cat?post=8675"},{"taxonomy":"product_tag","embeddable":true,"href":"https:\/\/medgyd.lt\/parduotuve\/wp-json\/wp\/v2\/product_tag?post=8675"}],"curies":[{"name":"wp","href":"https:\/\/api.w.org\/{rel}","templated":true}]}}