{"id":8693,"date":"2023-12-21T10:12:43","date_gmt":"2023-12-21T10:12:43","guid":{"rendered":"https:\/\/medgyd.lt\/parduotuve\/?post_type=product&#038;p=8693"},"modified":"2025-10-26T15:00:49","modified_gmt":"2025-10-26T15:00:49","slug":"difuzorius-aromaterapijai-300ml-talpos-su-usb-jungtimi","status":"publish","type":"product","link":"https:\/\/medgyd.lt\/parduotuve\/produktas\/difuzorius-aromaterapijai-300ml-talpos-su-usb-jungtimi\/","title":{"rendered":"Difuzorius aromaterapijai 300ml talpos su USB jungtimi"},"content":{"rendered":"<p><strong>Kaip naudotis dr\u0117kintuvu:<\/strong><\/p>\n<ol>\n<li>Atidarykite vir\u0161utin\u012f dangtel\u012f;<\/li>\n<li>I\u0161imkite medviln\u0117s tampon\u0105;<\/li>\n<li>Pamerkite tampon\u0105 1-2 minutes \u012f vanden\u012f;<\/li>\n<li>\u012estatykite tampon\u0105 \u012f difuzori\u0173;<\/li>\n<li>Pripilkite gaus\u0173 kiek\u012f vandens, iki 300 ml;<\/li>\n<li>\u012ejunkite maitinim\u0105 ir \u012fjunkite dr\u0117kintuv\u0105.<\/li>\n<\/ol>\n<p><strong>Komplektacija:<\/strong><\/p>\n<ol>\n<li>Difuzorius<\/li>\n<li>USB maitinimo laidas<\/li>\n<\/ol>\n<p>&nbsp;<\/p>\n<p><strong>Specifikacijos:<\/strong><\/p>\n<h3>Dr\u0117kinimo galia<\/h3>\n<p>\u2265250ml\/h<\/p>\n<h3>Forma<\/h3>\n<p>Klasikin\u0117 stulpin\u0117<\/p>\n<h3>Pritaikymas<\/h3>\n<p>31-40\u33a1<\/p>\n<h3>Dr\u0117gm\u0117s kontrol\u0117<\/h3>\n<p>Higrometras<\/p>\n<h3>Paskirtis<\/h3>\n<p>Nam\u0173 Aplinka<\/p>\n<h3>Funkcija<\/h3>\n<p>Aromaterapija<\/p>\n<h3>Tipas<\/h3>\n<p>\u0160alto garo difuzorius<\/p>\n<h3>Garso lygis<\/h3>\n<p>&lt;36db<\/p>\n<h3>Talpa<\/h3>\n<p>300ml<\/p>\n<h3>\u012etampa (V)<\/h3>\n<p>5V USB jungtis<\/p>\n<h3>Galia (W)<\/h3>\n<p>2W<\/p>\n","protected":false},"excerpt":{"rendered":"<p>Kaip naudotis dr\u0117kintuvu: Atidarykite vir\u0161utin\u012f dangtel\u012f; I\u0161imkite medviln\u0117s tampon\u0105; Pamerkite tampon\u0105 1-2 minutes \u012f vanden\u012f; \u012estatykite tampon\u0105 \u012f difuzori\u0173; Pripilkite gaus\u0173 kiek\u012f vandens, iki 300 ml; \u012ejunkite maitinim\u0105 ir \u012fjunkite dr\u0117kintuv\u0105. Komplektacija: Difuzorius USB maitinimo laidas &nbsp; Specifikacijos: Dr\u0117kinimo galia \u2265250ml\/h Forma Klasikin\u0117 stulpin\u0117 Pritaikymas 31-40\u33a1 Dr\u0117gm\u0117s kontrol\u0117 Higrometras Paskirtis Nam\u0173 Aplinka Funkcija Aromaterapija Tipas &hellip; <\/p>\n<p class=\"more-link-wrap\"><a href=\"https:\/\/medgyd.lt\/parduotuve\/produktas\/difuzorius-aromaterapijai-300ml-talpos-su-usb-jungtimi\/\" class=\"more-link\"><i class=\"opal-icon-plus\" aria-hidden=\"true\"><\/i><span>Daugiau<span class=\"screen-reader-text\"> &#8222;Difuzorius aromaterapijai 300ml talpos su USB jungtimi&#8221;<\/span><\/span><\/a><\/p>\n","protected":false},"featured_media":8699,"comment_status":"open","ping_status":"closed","template":"","meta":{"inline_featured_image":false,"_monsterinsights_skip_tracking":false,"_monsterinsights_sitenote_active":false,"_monsterinsights_sitenote_note":"","_monsterinsights_sitenote_category":0},"product_brand":[],"product_cat":[132,131],"product_tag":[133,134],"class_list":{"0":"post-8693","1":"product","2":"type-product","3":"status-publish","4":"has-post-thumbnail","6":"product_cat-difuzoriai","7":"product_cat-namams","8":"product_tag-difuzorius","9":"product_tag-usb","11":"first","12":"instock","13":"sale","14":"shipping-taxable","15":"purchasable","16":"product-type-variable"},"_links":{"self":[{"href":"https:\/\/medgyd.lt\/parduotuve\/wp-json\/wp\/v2\/product\/8693","targetHints":{"allow":["GET"]}}],"collection":[{"href":"https:\/\/medgyd.lt\/parduotuve\/wp-json\/wp\/v2\/product"}],"about":[{"href":"https:\/\/medgyd.lt\/parduotuve\/wp-json\/wp\/v2\/types\/product"}],"replies":[{"embeddable":true,"href":"https:\/\/medgyd.lt\/parduotuve\/wp-json\/wp\/v2\/comments?post=8693"}],"wp:featuredmedia":[{"embeddable":true,"href":"https:\/\/medgyd.lt\/parduotuve\/wp-json\/wp\/v2\/media\/8699"}],"wp:attachment":[{"href":"https:\/\/medgyd.lt\/parduotuve\/wp-json\/wp\/v2\/media?parent=8693"}],"wp:term":[{"taxonomy":"product_brand","embeddable":true,"href":"https:\/\/medgyd.lt\/parduotuve\/wp-json\/wp\/v2\/product_brand?post=8693"},{"taxonomy":"product_cat","embeddable":true,"href":"https:\/\/medgyd.lt\/parduotuve\/wp-json\/wp\/v2\/product_cat?post=8693"},{"taxonomy":"product_tag","embeddable":true,"href":"https:\/\/medgyd.lt\/parduotuve\/wp-json\/wp\/v2\/product_tag?post=8693"}],"curies":[{"name":"wp","href":"https:\/\/api.w.org\/{rel}","templated":true}]}}