{"id":8771,"date":"2024-03-21T13:22:00","date_gmt":"2024-03-21T13:22:00","guid":{"rendered":"https:\/\/medgyd.lt\/parduotuve\/?post_type=product&#038;p=8771"},"modified":"2025-12-05T19:20:47","modified_gmt":"2025-12-05T19:20:47","slug":"mini-zibintuvelis-xc200-13cm-ilgio","status":"publish","type":"product","link":"https:\/\/medgyd.lt\/parduotuve\/produktas\/mini-zibintuvelis-xc200-13cm-ilgio\/","title":{"rendered":"Mini \u017eibintuv\u0117lis XC200 13cm ilgio"},"content":{"rendered":"<p>Apib\u016bdinimas:<\/p>\n<p>Ne\u0161iojamas mini dydis, ra\u0161iklio formos, 13,2 cm ilgio.<br \/>\n1 pamainos jungiklio re\u017eimo konstrukcija.<br \/>\nYra su ra\u0161iklio sagtimi, tinka ne\u0161iotis.<br \/>\nSpecifikacija:<br \/>\nMed\u017eiaga: aliuminio lydinys<br \/>\nDydis: 8cm<br \/>\nSpalva: juoda<\/p>\n<p>Svoris: 23g<br \/>\nLED tipas: XPE-R3<br \/>\nJungiklis: galinis gaubtas (ON\/OFF)<br \/>\nAtsparus vandeniui lygis: atsparus vandeniui kasdieniam gyvenimui<br \/>\nMaitinimas: 2 x AAA baterija (\u012f komplekt\u0105 ne\u012feina)<br \/>\nDarbin\u0117 \u012ftampa: 1,8-3V<br \/>\nKiekis: 1vnt<br \/>\n\u012e komplektacij\u0105 \u012feina: 1X mini \u017eibintuv\u0117lis<\/p>\n<p>&nbsp;<\/p>\n<p><strong>Kod\u0117l verta rinktis mus?<\/strong><\/p>\n<p><strong>Platus produkt\u0173 pasirinkimas:<\/strong> M\u016bs\u0173 parduotuv\u0117je rasite itin plat\u0173 medicinos technikos ir sveikatos prie\u017ei\u016bros priemoni\u0173 asortiment\u0105. Stengiam\u0117s atsi\u017evelgti \u012f \u012fvairius klient\u0173 poreikius ir u\u017etikrinti, kad rasite visk\u0105, ko reikia, r\u016bpinantis sveikata ir gerove.<\/p>\n<p><strong>Auk\u0161tos kokyb\u0117s produktai \u2013 garantuota kokyb\u0117:<\/strong> Mes tiekiame tik auk\u0161\u010diausios kokyb\u0117s medicinos priemones, atid\u017eiai atrinktas i\u0161 patikim\u0173 tiek\u0117j\u0173. Visi m\u016bs\u0173 produktai yra pagaminti i\u0161 kokybi\u0161k\u0173 med\u017eiag\u0173, tod\u0117l galite b\u016bti tikri d\u0117l j\u0173 patikimumo ir ilgaam\u017ei\u0161kumo.<\/p>\n<p><strong>Inovatyv\u016bs sprendimai ir funkcionalumas:<\/strong> Kiekvienas m\u016bs\u0173 produktas pasi\u017eymi pa\u017eangiausiomis technologijomis ir inovatyviais dizaino sprendimais, kurie u\u017etikrina lengv\u0105 ir patog\u0173 naudojim\u0105. M\u016bs\u0173 tikslas \u2013 ne tik u\u017etikrinti efektyvi\u0105 sveikatos prie\u017ei\u016br\u0105, bet ir palengvinti j\u016bs\u0173 kasdienyb\u0119.<\/p>\n<p><strong>Patogi ir saugi apsipirkimo patirtis:<\/strong> M\u016bs\u0173 internetin\u0117 parduotuv\u0117 yra sukurta taip, kad j\u016bs\u0173 apsipirkimo procesas b\u016bt\u0173 paprastas ir patogus. Suteikiame saugius atsiskaitymo b\u016bdus ir greit\u0105 pristatym\u0105 \u2013 u\u017esakymai jus pasieks vos per 1-3 darbo dienas.<\/p>\n<p><strong>Puikus klient\u0173 aptarnavimas:<\/strong> M\u016bs\u0173 profesionali komanda visada pasiruo\u0161usi atsakyti \u012f j\u016bs\u0173 klausimus ir pad\u0117ti i\u0161sirinkti tinkamiausius produktus. Esame pasiry\u017e\u0119 suteikti auk\u0161\u010diausio lygio aptarnavim\u0105 bei u\u017etikrinti klient\u0173 pasitenkinim\u0105.<\/p>\n<p><strong>Konkurencinga kaina:<\/strong> M\u016bs\u0173 kainos yra konkurencingos rinkoje, tad gausite auk\u0161tos kokyb\u0117s produktus u\u017e prieinam\u0105 kain\u0105. Siekiame, kad sveikatos prie\u017ei\u016bra b\u016bt\u0173 prieinama visiems, neprarandant kokyb\u0117s.<\/p>\n<p>Rinkdamiesi m\u016bs\u0173 parduotuv\u0119, pasirinksite patikimus ir inovatyvius sprendimus, puik\u0173 aptarnavim\u0105 ir optimal\u0173 kainos ir kokyb\u0117s santyk\u012f. Leiskite mums pad\u0117ti jums pasir\u016bpinti savo sveikata ir komfortu!<\/p>\n","protected":false},"excerpt":{"rendered":"<p>Apib\u016bdinimas: Ne\u0161iojamas mini dydis, ra\u0161iklio formos, 13,2 cm ilgio. 1 pamainos jungiklio re\u017eimo konstrukcija. Yra su ra\u0161iklio sagtimi, tinka ne\u0161iotis. Specifikacija: Med\u017eiaga: aliuminio lydinys Dydis: 8cm Spalva: juoda Svoris: 23g LED tipas: XPE-R3 Jungiklis: galinis gaubtas (ON\/OFF) Atsparus vandeniui lygis: atsparus vandeniui kasdieniam gyvenimui Maitinimas: 2 x AAA baterija (\u012f komplekt\u0105 ne\u012feina) Darbin\u0117 \u012ftampa: 1,8-3V &hellip; <\/p>\n<p class=\"more-link-wrap\"><a href=\"https:\/\/medgyd.lt\/parduotuve\/produktas\/mini-zibintuvelis-xc200-13cm-ilgio\/\" class=\"more-link\"><i class=\"opal-icon-plus\" aria-hidden=\"true\"><\/i><span>Daugiau<span class=\"screen-reader-text\"> &#8222;Mini \u017eibintuv\u0117lis XC200 13cm ilgio&#8221;<\/span><\/span><\/a><\/p>\n","protected":false},"featured_media":8655,"comment_status":"open","ping_status":"closed","template":"","meta":{"inline_featured_image":false,"_monsterinsights_skip_tracking":false,"_monsterinsights_sitenote_active":false,"_monsterinsights_sitenote_note":"","_monsterinsights_sitenote_category":0},"product_brand":[],"product_cat":[123,130],"product_tag":[],"class_list":{"0":"post-8771","1":"product","2":"type-product","3":"status-publish","4":"has-post-thumbnail","6":"product_cat-gydytojams","7":"product_cat-zibintuveliai","9":"first","10":"instock","11":"sale","12":"shipping-taxable","13":"purchasable","14":"product-type-simple"},"_links":{"self":[{"href":"https:\/\/medgyd.lt\/parduotuve\/wp-json\/wp\/v2\/product\/8771","targetHints":{"allow":["GET"]}}],"collection":[{"href":"https:\/\/medgyd.lt\/parduotuve\/wp-json\/wp\/v2\/product"}],"about":[{"href":"https:\/\/medgyd.lt\/parduotuve\/wp-json\/wp\/v2\/types\/product"}],"replies":[{"embeddable":true,"href":"https:\/\/medgyd.lt\/parduotuve\/wp-json\/wp\/v2\/comments?post=8771"}],"wp:featuredmedia":[{"embeddable":true,"href":"https:\/\/medgyd.lt\/parduotuve\/wp-json\/wp\/v2\/media\/8655"}],"wp:attachment":[{"href":"https:\/\/medgyd.lt\/parduotuve\/wp-json\/wp\/v2\/media?parent=8771"}],"wp:term":[{"taxonomy":"product_brand","embeddable":true,"href":"https:\/\/medgyd.lt\/parduotuve\/wp-json\/wp\/v2\/product_brand?post=8771"},{"taxonomy":"product_cat","embeddable":true,"href":"https:\/\/medgyd.lt\/parduotuve\/wp-json\/wp\/v2\/product_cat?post=8771"},{"taxonomy":"product_tag","embeddable":true,"href":"https:\/\/medgyd.lt\/parduotuve\/wp-json\/wp\/v2\/product_tag?post=8771"}],"curies":[{"name":"wp","href":"https:\/\/api.w.org\/{rel}","templated":true}]}}