{"id":8849,"date":"2024-04-23T05:51:09","date_gmt":"2024-04-23T05:51:09","guid":{"rendered":"https:\/\/medgyd.lt\/parduotuve\/?post_type=product&#038;p=8849"},"modified":"2025-10-26T15:00:49","modified_gmt":"2025-10-26T15:00:49","slug":"kontaktinis-skaitmeninis-termometras-sg-124-su-minkstu-galu","status":"publish","type":"product","link":"https:\/\/medgyd.lt\/parduotuve\/produktas\/kontaktinis-skaitmeninis-termometras-sg-124-su-minkstu-galu\/","title":{"rendered":"Kontaktinis skaitmeninis termometras SG-124 su mink\u0161tu galu"},"content":{"rendered":"<div class=\"flex flex-grow flex-col max-w-full\">\n<div class=\"min-h-[20px] text-message flex flex-col items-start gap-3 whitespace-pre-wrap break-words [.text-message+&amp;]:mt-5 overflow-x-auto\" dir=\"auto\" data-message-author-role=\"assistant\" data-message-id=\"db6f923d-7546-437d-9526-5bcbb932724c\">\n<div class=\"markdown prose w-full break-words dark:prose-invert light\">\n<p><strong>Savyb\u0117s:<\/strong><\/p>\n<ol>\n<li>Mink\u0161tas silikoninis galiukas su ner\u016bdijan\u010dio plieno jutikliu. Medicininis termometras skirtas burnos, tiesiosios \u017earnos ar pa\u017easties temperat\u016bros nustatymui. Patogumas ir saugumas jums ir j\u016bs\u0173 \u0161eimai.<\/li>\n<li>Tikslus ir greitas matavimas: temperat\u016bra pamatuojama per kelias sekundes. \u0160is skaitmeninis termometras turi naujausius pa\u017eangius jutiklius ir klini\u0161kai patikrintus temperat\u016bros matavim\u0173 bandymus, kad b\u016bt\u0173 tiksliai nustatytas kar\u0161\u010diavimas.<\/li>\n<li>LCD ekranas: \u0161is burnos termometras lengvai naudojamas, su ai\u0161kiu ekranu, signalo garsu, atminties ekranu, automatine i\u0161sijungimo funkcija, lengvu perjungimu tarp \u00b0F ir \u00b0C. \u0160is produktas pagamintas i\u0161 auk\u0161tos kokyb\u0117s med\u017eiag\u0173, ilgaam\u017eis, tvirtas.<\/li>\n<li>Lengvas naudoti ir valyti: vandeniui atsparus galiukas leid\u017eia lengvai ir higieni\u0161kai i\u0161valyti termometr\u0105. Po kiekvieno naudojimo arba prie\u0161 naudojim\u0105, nuplaukite vandeniu ir nupurk\u0161kite etilo alkoholiu. Lengvas ir ne\u0161iojamas, galite j\u012f pasiimti bet kur ir naudoti bet kada.<\/li>\n<li>Tikslus matavimas: produktas naudoja optin\u012f princip\u0105, matavimo tikslumas yra\u00a0 \u00b10,1\u00b0C, ir auk\u0161tas tikslumas suteikia patikimus rezultatus.<\/li>\n<\/ol>\n<p>&nbsp;<\/p>\n<p><strong>Specifikacijos:<\/strong><\/p>\n<p>Med\u017eiaga: plastikas<\/p>\n<p>Baterijos talpa: 30mAh<\/p>\n<p>Energijos tiekimas: nekraunama baterija (pridedama)<\/p>\n<p>Temperat\u016bros matavimo laikas: apie 1 minut\u0119<\/p>\n<p>Matavimo diapazonas: 32-42 \u00b0C<\/p>\n<p>Tikslumas: \u00b1 0,1 \u00b0C<\/p>\n<p>Atvaizdavimo b\u016bdas: LCD<\/p>\n<p>Darbo aplinka: temperat\u016bra: 5 \u00b0C-40 \u00b0C, santykin\u0117 dr\u0117gm\u0117: \u2264 80%<\/p>\n<p>Pakuot\u0117je:<\/p>\n<p>1 vnt. * termometras su baterija<\/p>\n<p>&nbsp;<\/p>\n<\/div>\n<\/div>\n<\/div>\n","protected":false},"excerpt":{"rendered":"<p>Spalva: balta-m\u0117lyna<\/p>\n<p>\u0160is skaitmeninis termometras lengvai skaitomas, su ai\u0161kiu ekranu, signalo garsu, automatine i\u0161sijungimo funkcija, lengvu perjungimu tarp \u00b0F ir \u00b0C. \u0160is produktas pagamintas i\u0161 auk\u0161tos kokyb\u0117s med\u017eiag\u0173, ilgaam\u017eis, patikimas ir tvirtas da\u017enam naudojimui.<\/p>\n","protected":false},"featured_media":8855,"comment_status":"open","ping_status":"closed","template":"","meta":{"inline_featured_image":false,"_monsterinsights_skip_tracking":false,"_monsterinsights_sitenote_active":false,"_monsterinsights_sitenote_note":"","_monsterinsights_sitenote_category":0},"product_brand":[],"product_cat":[92],"product_tag":[],"class_list":{"0":"post-8849","1":"product","2":"type-product","3":"status-publish","4":"has-post-thumbnail","6":"product_cat-termometrai","8":"first","9":"instock","10":"sale","11":"shipping-taxable","12":"purchasable","13":"product-type-simple"},"_links":{"self":[{"href":"https:\/\/medgyd.lt\/parduotuve\/wp-json\/wp\/v2\/product\/8849","targetHints":{"allow":["GET"]}}],"collection":[{"href":"https:\/\/medgyd.lt\/parduotuve\/wp-json\/wp\/v2\/product"}],"about":[{"href":"https:\/\/medgyd.lt\/parduotuve\/wp-json\/wp\/v2\/types\/product"}],"replies":[{"embeddable":true,"href":"https:\/\/medgyd.lt\/parduotuve\/wp-json\/wp\/v2\/comments?post=8849"}],"wp:featuredmedia":[{"embeddable":true,"href":"https:\/\/medgyd.lt\/parduotuve\/wp-json\/wp\/v2\/media\/8855"}],"wp:attachment":[{"href":"https:\/\/medgyd.lt\/parduotuve\/wp-json\/wp\/v2\/media?parent=8849"}],"wp:term":[{"taxonomy":"product_brand","embeddable":true,"href":"https:\/\/medgyd.lt\/parduotuve\/wp-json\/wp\/v2\/product_brand?post=8849"},{"taxonomy":"product_cat","embeddable":true,"href":"https:\/\/medgyd.lt\/parduotuve\/wp-json\/wp\/v2\/product_cat?post=8849"},{"taxonomy":"product_tag","embeddable":true,"href":"https:\/\/medgyd.lt\/parduotuve\/wp-json\/wp\/v2\/product_tag?post=8849"}],"curies":[{"name":"wp","href":"https:\/\/api.w.org\/{rel}","templated":true}]}}