{"id":8974,"date":"2024-09-23T06:28:02","date_gmt":"2024-09-23T06:28:02","guid":{"rendered":"https:\/\/medgyd.lt\/parduotuve\/?post_type=product&#038;p=8974"},"modified":"2026-01-16T13:13:33","modified_gmt":"2026-01-16T13:13:33","slug":"elektrinis-nosies-aspiratorius-kudikiui-noseus-1","status":"publish","type":"product","link":"https:\/\/medgyd.lt\/parduotuve\/produktas\/elektrinis-nosies-aspiratorius-kudikiui-noseus-1\/","title":{"rendered":"Elektrinis nosies aspiratorius k\u016bdikiui Noseus-1"},"content":{"rendered":"<div class=\"accordion__content is-visible\">\n<p><em><strong>K\u016bdikio nosyt\u0117s valymas dar niekada nebuvo toks paprastas ir greitas! Elektrinis nosies aspiratorius k\u016bdikiui \u2013 lengvas b\u016bdas i\u0161valyti k\u016bdikio nosyt\u0117je susidariusias i\u0161skyras.<br \/>\n<\/strong><\/em><\/p>\n<p>Elektrinis, vandeniui atsparus nosies aspiratorius Noseus-1, skirtas k\u016bdiki\u0173 nosies sekretui \u0161alinti. \u012erenginys turi 2 skirtingus antgalius (platus ir siauras), kurie tinka skirtingo am\u017eiaus k\u016bdikiams. Antgaliai pagaminti i\u0161 silikono, tod\u0117l pasi\u017eymi mink\u0161ta, nedirginan\u010dia, saugia ir nekenksminga aplinkai med\u017eiaga. Skirting\u0173 form\u0173 silikoniniai antgaliai leid\u017eia lengvai ir patogiai i\u0161siurbti i\u0161skyras i\u0161 nosies ang\u0173. Elektrinis nosies aspiratorius turi integruot\u0105 baterij\u0105, tod\u0117l \u012frenginiu gal\u0117site naudotis belaid\u017eiu b\u016bdu ten, kur Jums reikia. Naujasis nosies aspiratorius Noseus-1 pasi\u017eymi kompakti\u0161ku dyd\u017eiu, lengvu svoriu ir itin patogiu naudojimu!<\/p>\n<p><strong>Kei\u010diamas silikoninis antgalis<\/strong><\/p>\n<p>Elektrinis nosies aspiratorius Noseus-1 turi 2 skirtingus siurbimo antgalius, kuriuos galima pasirinkti pagal k\u016bdikio am\u017ei\u0173 ir poreikius. \u012erenginio komplektacij\u0105 sudaro 1 vnt. pla\u010dios ir 1 vnt. siauros formos antgalis. Platus silikoninis antgalis tinka skystesniam nosies sekretui \u0161alinti, o siaurasis silikoninis antgalis tinka giliau esan\u010diam nosies sekretui \u0161alinti. Antgaliai pagaminti i\u0161 mink\u0161tumu pasi\u017eymin\u010dio silikono, tod\u0117l naudojimo metu nesukels nemaloni\u0173 poj\u016b\u010di\u0173. Taip pat, juos lengva nuplauti ar nuvalyti (apie prie\u017ei\u016br\u0105 \u017er. instrukcijoje).<\/p>\n<p><strong>Naudojimas<\/strong><\/p>\n<p>Nor\u0117dami prad\u0117ti proced\u016br\u0105, atlikite \u0161iuos veiksmus:<\/p>\n<ul>\n<li>Patikrinkite, ar prietaisas veikia tinkamai, ar yra sandarus;<\/li>\n<li>Laikykite arba pastatykite vaik\u0105 vertikalioje arba \u0161iek tiek atlo\u0161toje pad\u0117tyje;<\/li>\n<li>Nenaudokite prietaiso, kol vaikas guli. Proced\u016bros metu prietais\u0105 laikykite 30-60\u00b0 kampu nuo veido;<\/li>\n<li>Nosies aspiratorius veiks tik paspaudus \u012fjungimo mygtuk\u0105;<\/li>\n<li>Kai vaikas pajunta diskomfort\u0105 ar skausm\u0105, nedelsdami nustokite naudoti prietais\u0105;<\/li>\n<li>Nustokite naudoti prietais\u0105, kai nosies sekreto talpykla pripildoma iki \u201cMAX\u201d linijos;<\/li>\n<li>Po kiekvieno naudojimo prietais\u0105 pilnai i\u0161valykite (\u017er. instrukcij\u0105).<\/li>\n<\/ul>\n<p><strong>Paprasta pri\u017ei\u016br\u0117ti<\/strong><\/p>\n<p>\u0160is \u012frenginys yra priskiriamas IP22 vandens atsparumo klasei, tod\u0117l \u012frenginio dalys (sekreto surinkimo talpa, antgaliai) gali b\u016bti plaunami po \u0161velniu tekan\u010diu vandeniu. Nenaudokite jokiu stipri\u0173 valymo priemoni\u0173. I\u0161plautas dalis pad\u0117kite ant sauso, \u0161varaus pavir\u0161iaus ir palikite pilnai i\u0161d\u017ei\u016bti. Silikoninius antgalius ir atliek\u0173 talpykl\u0105 galima sterilizuoti alkoholiu. Pagrindin\u012f prietais\u0105 valykite tik \u0161varia ir sausa \u0161luoste. Nenaudokite joki\u0173 korozini\u0173 valymo priemoni\u0173, tirpal\u0173. Elektrinio prietaiso negalima skalauti vandeniu arba \u012f j\u012f panardinti. Visas dalis atsargiai nusausinkite mink\u0161ta \u0161luoste. Nemontuokite dali\u0173, kol jos visi\u0161kai nei\u0161d\u017eiuvo. Laikykite prietais\u0105 nuo saules spinduli\u0173, dulki\u0173 ir dr\u0117gm\u0117s. Teisinga nosies aspiratoriaus prie\u017ei\u016bra u\u017etikrina nepriekai\u0161ting\u0105 \u012frenginio \u0161var\u0105 ir efektyv\u0173 veikim\u0105!<\/p>\n<p><strong>Elektrinio nosies aspiratoriaus Herupa komplekte rasite:<\/strong><\/p>\n<ul>\n<li>1 platus silikoninis antgalis;<\/li>\n<li>1 siauras silikoninis antgalis;<\/li>\n<li>1 Aspiratorius<\/li>\n<li>1 USB krovimo laidas<\/li>\n<\/ul>\n<p><strong>Technin\u0117s savyb\u0117s:<\/strong><\/p>\n<ul>\n<li>Modelis: Noseus-1;<\/li>\n<li>Siurbimo sl\u0117gis: 70 kPa;<\/li>\n<li>Garsumas: &lt; 50 dB;<\/li>\n<li>Maitinimas: Integruota kraunama baterija;<\/li>\n<li>Atsparumo klas\u0117: IP22;<\/li>\n<\/ul>\n<\/div>\n<p>&nbsp;<\/p>\n<div class=\"flex flex-grow flex-col max-w-full\">\n<div class=\"min-h-[20px] text-message flex flex-col items-start gap-3 whitespace-pre-wrap break-words [.text-message+&amp;]:mt-5 overflow-x-auto\" dir=\"auto\" data-message-author-role=\"assistant\" data-message-id=\"db6f923d-7546-437d-9526-5bcbb932724c\">\n<p><strong><span style=\"font-size: 20px;\">Kod\u0117l verta rinktis mus?<\/span><\/strong><\/p>\n<p><strong>Platus produkt\u0173 pasirinkimas:<\/strong> M\u016bs\u0173 parduotuv\u0117je rasite itin plat\u0173 medicinos technikos ir sveikatos prie\u017ei\u016bros priemoni\u0173 asortiment\u0105. Stengiam\u0117s atsi\u017evelgti \u012f \u012fvairius klient\u0173 poreikius ir u\u017etikrinti, kad rasite visk\u0105, ko reikia, r\u016bpinantis sveikata ir gerove.<\/p>\n<p><strong>Auk\u0161tos kokyb\u0117s produktai \u2013 garantuota kokyb\u0117:<\/strong> Mes tiekiame tik auk\u0161\u010diausios kokyb\u0117s medicinos priemones, atid\u017eiai atrinktas i\u0161 patikim\u0173 tiek\u0117j\u0173. Visi m\u016bs\u0173 produktai yra pagaminti i\u0161 kokybi\u0161k\u0173 med\u017eiag\u0173, tod\u0117l galite b\u016bti tikri d\u0117l j\u0173 patikimumo ir ilgaam\u017ei\u0161kumo.<\/p>\n<p><strong>Inovatyv\u016bs sprendimai ir funkcionalumas:<\/strong> Kiekvienas m\u016bs\u0173 produktas pasi\u017eymi pa\u017eangiausiomis technologijomis ir inovatyviais dizaino sprendimais, kurie u\u017etikrina lengv\u0105 ir patog\u0173 naudojim\u0105. M\u016bs\u0173 tikslas \u2013 ne tik u\u017etikrinti efektyvi\u0105 sveikatos prie\u017ei\u016br\u0105, bet ir palengvinti j\u016bs\u0173 kasdienyb\u0119.<\/p>\n<p><strong>Patogi ir saugi apsipirkimo patirtis:<\/strong> M\u016bs\u0173 internetin\u0117 parduotuv\u0117 yra sukurta taip, kad j\u016bs\u0173 apsipirkimo procesas b\u016bt\u0173 paprastas ir patogus. Suteikiame saugius atsiskaitymo b\u016bdus ir greit\u0105 pristatym\u0105 \u2013 u\u017esakymai jus pasieks vos per 1-3 darbo dienas.<\/p>\n<p><strong>Puikus klient\u0173 aptarnavimas:<\/strong> M\u016bs\u0173 profesionali komanda visada pasiruo\u0161usi atsakyti \u012f j\u016bs\u0173 klausimus ir pad\u0117ti i\u0161sirinkti tinkamiausius produktus. Esame pasiry\u017e\u0119 suteikti auk\u0161\u010diausio lygio aptarnavim\u0105 bei u\u017etikrinti klient\u0173 pasitenkinim\u0105.<\/p>\n<p><strong>Konkurencinga kaina:<\/strong> M\u016bs\u0173 kainos yra konkurencingos rinkoje, tad gausite auk\u0161tos kokyb\u0117s produktus u\u017e prieinam\u0105 kain\u0105. Siekiame, kad sveikatos prie\u017ei\u016bra b\u016bt\u0173 prieinama visiems, neprarandant kokyb\u0117s.<\/p>\n<p>Rinkdamiesi m\u016bs\u0173 parduotuv\u0119, pasirinksite patikimus ir inovatyvius sprendimus, puik\u0173 aptarnavim\u0105 ir optimal\u0173 kainos ir kokyb\u0117s santyk\u012f. Leiskite mums pad\u0117ti jums pasir\u016bpinti savo sveikata ir komfortu!<\/p>\n<\/div>\n<\/div>\n","protected":false},"excerpt":{"rendered":"<p><span class=\"productPage__descriptionBlock_productShortDescription\">Elektrinis, vandeniui atsparus nosies aspiratorius Herupa, skirtas k\u016bdiki\u0173 nosies sekretui \u0161alinti. <\/span><\/p>\n","protected":false},"featured_media":8927,"comment_status":"open","ping_status":"closed","template":"","meta":{"inline_featured_image":false,"_monsterinsights_skip_tracking":false,"_monsterinsights_sitenote_active":false,"_monsterinsights_sitenote_note":"","_monsterinsights_sitenote_category":0},"product_brand":[],"product_cat":[139],"product_tag":[],"class_list":{"0":"post-8974","1":"product","2":"type-product","3":"status-publish","4":"has-post-thumbnail","6":"product_cat-aspiratoriai","8":"first","9":"instock","10":"sale","11":"shipping-taxable","12":"purchasable","13":"product-type-simple"},"_links":{"self":[{"href":"https:\/\/medgyd.lt\/parduotuve\/wp-json\/wp\/v2\/product\/8974","targetHints":{"allow":["GET"]}}],"collection":[{"href":"https:\/\/medgyd.lt\/parduotuve\/wp-json\/wp\/v2\/product"}],"about":[{"href":"https:\/\/medgyd.lt\/parduotuve\/wp-json\/wp\/v2\/types\/product"}],"replies":[{"embeddable":true,"href":"https:\/\/medgyd.lt\/parduotuve\/wp-json\/wp\/v2\/comments?post=8974"}],"wp:featuredmedia":[{"embeddable":true,"href":"https:\/\/medgyd.lt\/parduotuve\/wp-json\/wp\/v2\/media\/8927"}],"wp:attachment":[{"href":"https:\/\/medgyd.lt\/parduotuve\/wp-json\/wp\/v2\/media?parent=8974"}],"wp:term":[{"taxonomy":"product_brand","embeddable":true,"href":"https:\/\/medgyd.lt\/parduotuve\/wp-json\/wp\/v2\/product_brand?post=8974"},{"taxonomy":"product_cat","embeddable":true,"href":"https:\/\/medgyd.lt\/parduotuve\/wp-json\/wp\/v2\/product_cat?post=8974"},{"taxonomy":"product_tag","embeddable":true,"href":"https:\/\/medgyd.lt\/parduotuve\/wp-json\/wp\/v2\/product_tag?post=8974"}],"curies":[{"name":"wp","href":"https:\/\/api.w.org\/{rel}","templated":true}]}}