{"id":8980,"date":"2024-10-02T07:37:13","date_gmt":"2024-10-02T07:37:13","guid":{"rendered":"https:\/\/medgyd.lt\/parduotuve\/?post_type=product&#038;p=8980"},"modified":"2026-03-25T07:49:45","modified_gmt":"2026-03-25T07:49:45","slug":"tarpine-inhaliatoriui-vaistams-inhaliuoti","status":"publish","type":"product","link":"https:\/\/medgyd.lt\/parduotuve\/produktas\/tarpine-inhaliatoriui-vaistams-inhaliuoti\/","title":{"rendered":"Tarpin\u0117 inhaliatoriui vaistams inhaliuoti"},"content":{"rendered":"<div class=\"accordion__content is-visible\">\n<p>Tinka naudoti su vis\u0173 tip\u0173 dozuojamaisiais aerozoliais. Optimalaus dyd\u017eio talpa. 100 proc. silikonin\u0117 kauk\u0117. Sandariai priglunda. Antistati\u0161ka tarpin\u0117 inhaliatoriui. Lengvai i\u0161ardoma ir i\u0161plaunama. Naudojant tarpin\u0119 subalansuojamas vaisto daleli\u0173 greitis, dalel\u0117s tampa smulkesn\u0117s, tod\u0117l ma\u017eiau vaisto lieka burnoje bei nosiarykl\u0117je ir daugiau patenka \u012f plau\u010dius. Taisyklingam vaisto dozavimui nereikia derinti paspaudimo ir \u012fkv\u0117pimo.<\/p>\n<\/div>\n<div class=\"accordion__content is-visible\">\n<p><strong>Tarpin\u0117s inhaliatoriui savyb\u0117s:<\/strong><\/p>\n<ul>\n<li>Pagerina vaisto tiekim\u0105 \u012f kv\u0117pavimo takus<\/li>\n<li>Tinka tiek suaugusiems, tiek vaikams (B\u016btina pasirinkti reikiam\u0105 dyd\u012f S, M, L)<\/li>\n<li>Lengva naudoti ir valyti<\/li>\n<li>Tarpin\u0117 inhaliatoriui pagaminta i\u0161 auk\u0161tos kokyb\u0117s, ilgaam\u017ei\u0173 med\u017eiag\u0173<\/li>\n<\/ul>\n<p><strong>NAUDOJIMAS:<\/strong><\/p>\n<p>Prie\u0161 naudojant atid\u017eiai perskaitykite pakuot\u0117s viduje esan\u010di\u0105 naudojimo instrukcij\u0105. Esant reikalui pasitarkite su gydan\u010diu gydytoju ar kitais specialistais.<\/p>\n<p>Prie\u0161 naudodami pirm\u0105 kart\u0105, inhaliavimo tarpin\u0119 i\u0161plaukite ir i\u0161d\u017eiovinkite pagal pateiktas instrukcijas. \u012esitikinkite, ar vo\u017etuvuose ir tarpin\u0117je n\u0117ra svetimk\u016bni\u0173. Tinkamai surinkite visas tarpin\u0117s detales: tarpin\u0117s vo\u017etuv\u0105, kauk\u0119 ir antgal\u012f dozuotam inhaliatoriui.<br \/>\nSukratykite dozuot\u0105 inhaliatori\u0173 ir nuimkite apsaugin\u012f dangtel\u012f. \u012estatykite dozuot\u0105 inhaliatori\u0173 \u012f inhaliavimo tarpin\u0117s ang\u0105.<\/p>\n<p>Priglauskite kauk\u0119 prie veido taip, kad sandariai apimt\u0173 burn\u0105 ir nos\u012f, ir laikykite j\u0105 priglaud\u0119 tol, kol vaistai inhaliuojami.<br \/>\nSpustel\u0117kite dozuoto inhaliatoriaus vir\u0161\u016bn\u0119, kad \u012fpurk\u0161tum\u0117te vaisto doz\u0119. L\u0117tai ir giliai kv\u0117puokite.<br \/>\nViena dozuoto inhaliatoriaus doz\u0117 atitinka 2 arba 3 kv\u0117pavimo judesius (\u012fkv\u0117pimas ir i\u0161kv\u0117pimas). Jei reikia, palaukite bent 30 sekund\u017ei\u0173 prie\u0161 purk\u0161dami antr\u0105 doz\u0119. B\u016btinai laikykit\u0117s gydytojo nurodyt\u0173 rekomendacij\u0173.<\/p>\n<\/div>\n<p>&nbsp;<\/p>\n<div class=\"flex flex-grow flex-col max-w-full\">\n<div class=\"min-h-[20px] text-message flex flex-col items-start gap-3 whitespace-pre-wrap break-words [.text-message+&amp;]:mt-5 overflow-x-auto\" dir=\"auto\" data-message-author-role=\"assistant\" data-message-id=\"db6f923d-7546-437d-9526-5bcbb932724c\">\n<p><strong><span style=\"font-size: 20px;\">Kod\u0117l verta rinktis mus?<\/span><\/strong><\/p>\n<p><strong>Platus produkt\u0173 pasirinkimas:<\/strong> M\u016bs\u0173 parduotuv\u0117je rasite itin plat\u0173 medicinos technikos ir sveikatos prie\u017ei\u016bros priemoni\u0173 asortiment\u0105. Stengiam\u0117s atsi\u017evelgti \u012f \u012fvairius klient\u0173 poreikius ir u\u017etikrinti, kad rasite visk\u0105, ko reikia, r\u016bpinantis sveikata ir gerove.<\/p>\n<p><strong>Auk\u0161tos kokyb\u0117s produktai \u2013 garantuota kokyb\u0117:<\/strong> Mes tiekiame tik auk\u0161\u010diausios kokyb\u0117s medicinos priemones, atid\u017eiai atrinktas i\u0161 patikim\u0173 tiek\u0117j\u0173. Visi m\u016bs\u0173 produktai yra pagaminti i\u0161 kokybi\u0161k\u0173 med\u017eiag\u0173, tod\u0117l galite b\u016bti tikri d\u0117l j\u0173 patikimumo ir ilgaam\u017ei\u0161kumo.<\/p>\n<p><strong>Inovatyv\u016bs sprendimai ir funkcionalumas:<\/strong> Kiekvienas m\u016bs\u0173 produktas pasi\u017eymi pa\u017eangiausiomis technologijomis ir inovatyviais dizaino sprendimais, kurie u\u017etikrina lengv\u0105 ir patog\u0173 naudojim\u0105. M\u016bs\u0173 tikslas \u2013 ne tik u\u017etikrinti efektyvi\u0105 sveikatos prie\u017ei\u016br\u0105, bet ir palengvinti j\u016bs\u0173 kasdienyb\u0119.<\/p>\n<p><strong>Patogi ir saugi apsipirkimo patirtis:<\/strong> M\u016bs\u0173 internetin\u0117 parduotuv\u0117 yra sukurta taip, kad j\u016bs\u0173 apsipirkimo procesas b\u016bt\u0173 paprastas ir patogus. Suteikiame saugius atsiskaitymo b\u016bdus ir greit\u0105 pristatym\u0105 \u2013 u\u017esakymai jus pasieks vos per 1-3 darbo dienas.<\/p>\n<p><strong>Puikus klient\u0173 aptarnavimas:<\/strong> M\u016bs\u0173 profesionali komanda visada pasiruo\u0161usi atsakyti \u012f j\u016bs\u0173 klausimus ir pad\u0117ti i\u0161sirinkti tinkamiausius produktus. Esame pasiry\u017e\u0119 suteikti auk\u0161\u010diausio lygio aptarnavim\u0105 bei u\u017etikrinti klient\u0173 pasitenkinim\u0105.<\/p>\n<p><strong>Konkurencinga kaina:<\/strong> M\u016bs\u0173 kainos yra konkurencingos rinkoje, tad gausite auk\u0161tos kokyb\u0117s produktus u\u017e prieinam\u0105 kain\u0105. Siekiame, kad sveikatos prie\u017ei\u016bra b\u016bt\u0173 prieinama visiems, neprarandant kokyb\u0117s.<\/p>\n<p>Rinkdamiesi m\u016bs\u0173 parduotuv\u0119, pasirinksite patikimus ir inovatyvius sprendimus, puik\u0173 aptarnavim\u0105 ir optimal\u0173 kainos ir kokyb\u0117s santyk\u012f. Leiskite mums pad\u0117ti jums pasir\u016bpinti savo sveikata ir komfortu!<\/p>\n<\/div>\n<\/div>\n","protected":false},"excerpt":{"rendered":"<p><span class=\"productPage__descriptionBlock_productShortDescription\">Tarpin\u0117 inhaliatoriui vaistams inhaliuoti yra specialus medicininis priedas, skirtas padidinti inhaliuojam\u0173 vaist\u0173 efektyvum\u0105. Ji palengvina vaisto patekim\u0105 \u012f kv\u0117pavimo takus, suma\u017eina vaisto nuostolius ir padeda i\u0161vengti netinkamo dozavimo. Tarpin\u0117 yra naudojama kartu su dozuotais aerozoliniais inhaliatoriais (pvz. Salbutamol) ir u\u017etikrina, kad vaistai b\u016bt\u0173 efektyviau \u012fkvepiami ir pasiekt\u0173 plau\u010dius.<\/span><\/p>\n","protected":false},"featured_media":8993,"comment_status":"open","ping_status":"closed","template":"","meta":{"inline_featured_image":false,"_monsterinsights_skip_tracking":false,"_monsterinsights_sitenote_active":false,"_monsterinsights_sitenote_note":"","_monsterinsights_sitenote_category":0},"product_brand":[],"product_cat":[142],"product_tag":[143],"class_list":{"0":"post-8980","1":"product","2":"type-product","3":"status-publish","4":"has-post-thumbnail","6":"product_cat-tarpines-inhaliatoriui","7":"product_tag-tarpine","9":"first","10":"outofstock","11":"shipping-taxable","12":"product-type-variable"},"_links":{"self":[{"href":"https:\/\/medgyd.lt\/parduotuve\/wp-json\/wp\/v2\/product\/8980","targetHints":{"allow":["GET"]}}],"collection":[{"href":"https:\/\/medgyd.lt\/parduotuve\/wp-json\/wp\/v2\/product"}],"about":[{"href":"https:\/\/medgyd.lt\/parduotuve\/wp-json\/wp\/v2\/types\/product"}],"replies":[{"embeddable":true,"href":"https:\/\/medgyd.lt\/parduotuve\/wp-json\/wp\/v2\/comments?post=8980"}],"wp:featuredmedia":[{"embeddable":true,"href":"https:\/\/medgyd.lt\/parduotuve\/wp-json\/wp\/v2\/media\/8993"}],"wp:attachment":[{"href":"https:\/\/medgyd.lt\/parduotuve\/wp-json\/wp\/v2\/media?parent=8980"}],"wp:term":[{"taxonomy":"product_brand","embeddable":true,"href":"https:\/\/medgyd.lt\/parduotuve\/wp-json\/wp\/v2\/product_brand?post=8980"},{"taxonomy":"product_cat","embeddable":true,"href":"https:\/\/medgyd.lt\/parduotuve\/wp-json\/wp\/v2\/product_cat?post=8980"},{"taxonomy":"product_tag","embeddable":true,"href":"https:\/\/medgyd.lt\/parduotuve\/wp-json\/wp\/v2\/product_tag?post=8980"}],"curies":[{"name":"wp","href":"https:\/\/api.w.org\/{rel}","templated":true}]}}