{"id":8995,"date":"2024-10-02T08:24:58","date_gmt":"2024-10-02T08:24:58","guid":{"rendered":"https:\/\/medgyd.lt\/parduotuve\/?post_type=product&#038;p=8995"},"modified":"2026-02-10T00:06:28","modified_gmt":"2026-02-10T00:06:28","slug":"vaikiskas-pulsoksimetras-pr-960","status":"publish","type":"product","link":"https:\/\/medgyd.lt\/parduotuve\/produktas\/vaikiskas-pulsoksimetras-pr-960\/","title":{"rendered":"Vaiki\u0161kas pulsoksimetras PR-960"},"content":{"rendered":"<div class=\"infoAboutTabContainer__block\">\n<p>Lengvas ir tikslus pulsoksimetras fiksuoja puls\u0105 ir arterinio kraujo prisotinim\u0105 deguonimi.<\/p>\n<\/div>\n<div class=\"infoAboutTabContainer__block infoAboutTabContainer__blockDescription\">\n<p>Pulsoksimetras \u012fvertina deguonies \u012fsisavinim\u0105 arteriniame kraujyje ir tiksliai matuoja puls\u0105.<\/p>\n<p>Normalus deguonies saturacijos lygis kraujyje tur\u0117t\u0173 b\u016bti ~95\u2013100 %.<\/p>\n<\/div>\n<p><strong>Informacija apie prek\u0119 vaiki\u0161kas pulsoksimetras PR-960<\/strong><\/p>\n<p>1. Spartus jutiklis: vos per kelias sekundes \u0161is prietaisas gali tiesiogiai parodyti duomenis, susijusius su j\u016bs\u0173 kraujo deguonimi ir \u0161irdies ritmu ekrane.<\/p>\n<p>2. Lengva naudoti: labai paprasta naudoti. Tiesiog prispauskite pir\u0161t\u0173 galiukus prie \u0161io \u012frankio ir matuoklis automati\u0161kai \u012fsijungs.<\/p>\n<p>3. Auk\u0161tos kokyb\u0117s med\u017eiaga: \u0161is pulsoksimetras pagamintas i\u0161 kokybi\u0161k\u0173 med\u017eiag\u0173, tod\u0117l yra patvarus ir gali b\u016bti naudojamas ilg\u0105 laik\u0105.<\/p>\n<p>4. Kompakti\u0161kas dizainas: d\u0117l ma\u017eo dyd\u017eio galite laikyti j\u012f krep\u0161yje arba ki\u0161en\u0117je, kad gal\u0117tum\u0117te naudoti bet kada ir kur norite.<\/p>\n<p>5. Automatinis i\u0161jungimas: \u0161is \u012frankis automati\u0161kai i\u0161sijungs per 8 sekundes po naudojimo, kad b\u016bt\u0173 galima taupyti baterijos energij\u0105.<\/p>\n<p><strong>Apib\u016bdinimas:<\/strong><\/p>\n<p>\u0160is oksimetras naudojamas tiksliai nustatyti deguonies lyg\u012f kraujyje ir k\u016bno \u0161irdies ritm\u0105. Jis tinka asmeniniam naudojimui, kad gal\u0117tum\u0117te kasdien reguliariai kontroliuoti savo \u0161eimos sveikat\u0105 namuose.<\/p>\n<p><strong>Specifikacijos:<\/strong><\/p>\n<p>Ekrano re\u017eimas: LED ekranas<\/p>\n<p>Testo tikslumas: kraujo prisotinimas deguonimi 70%~99% (\u00b12%), \u226470% neapibr\u0117\u017etas; pulso da\u017enis 30 BPM ~ 250 BPM (\u00b1 1 BPM)<\/p>\n<p>Baterijos tipas: li\u010dio baterija (\u012fkraunama)<\/p>\n<p>Baterijos talpa: 200 mAh<\/p>\n<p><strong>Papildoma informacija<\/strong><\/p>\n<ul>\n<li>Kraujo prisotpulsoksimetras ant pir\u0161to yra ne\u0161iojamasis neinvazinis prietaisas, skirtas vietoje patikrinti arterinio hemoglobino (SpO2) prisotinim\u0105 deguonimi ir pacient\u0173 puls\u0105 ligonin\u0117se, ligonin\u0117s tipo \u012fstaigose ir nam\u0173 aplinkoje. \u0160is prietaisas n\u0117ra skirtas nuolatiniam steb\u0117jimui. inimas deguonimi (SpO2)<br \/>\nSpO2 rodiklis yra deguonies lygio j\u016bs\u0173 kraujyje \u012fvertinimas. 95\u2013100 % SpO2 rodiklis paprastai laikomas normaliu deguonies kiekiu. Ta\u010diau 92 % arba ma\u017eesnis SpO2 rodiklis (j\u016bros lygyje) parodo, kad j\u016bs\u0173 kraujas yra nepakankamai prisotintas. D\u0117l nepakankamo prisotinimo gali atsirasti \u012fvair\u016bs sveikatos sutrikimai, \u012fskaitant skausm\u0105 kr\u016btin\u0117s srityje, dusul\u012f ir pada\u017en\u0117jus\u012f \u0161irdies ritm\u0105.<\/li>\n<li>Pulso da\u017enis<br \/>\nJ\u016bs\u0173 pulso da\u017enis yra \u0161irdies susitraukim\u0173 per minut\u0119 skai\u010dius. Normalus suaugusi\u0173j\u0173 pulso da\u017enis svyruoja nuo 60 iki 100 d\u016b\u017ei\u0173 per minut\u0119 (d.\/min) Apskritai, ma\u017eesnis \u0161irdies ritmas ramyb\u0117s b\u016bsenoje rei\u0161kia geresn\u0119 \u0161irdies veikl\u0105 bei \u0161irdies ir kraujagysli\u0173 b\u016bkl\u0119. Kai kuriems \u017emon\u0117ms ma\u017eesnis nei 60 d.\/min pulso da\u017enis nurodo ne\u012fprastai l\u0117t\u0105 \u0161irdies darb\u0105, dar vadinam\u0105 bradikardija. Bradikardija gali sukelti daugyb\u0119 negalavim\u0173, \u012fskaitant alpim\u0105, nuovarg\u012f, skausm\u0105 kr\u016btin\u0117s srityje ir atminties sutrikimus.<\/li>\n<\/ul>\n<p>Pastaba. \u012e normos ribas nepatenkantys SpO2 ir pulso da\u017enio matavimai ne visada yra sveikatos sutrikim\u0173 po\u017eymis. Pavyzd\u017eiui, sportuojant j\u016bs\u0173 \u0161irdies ritmas gali padid\u0117ti, o prisotinimas deguonimi \u0161iek tiek suma\u017e\u0117ti (ta\u010diau jis vis tiek turi siekti 90 % arba daugiau).<\/p>\n<p class=\"5Text\">Pulsoksimetr\u0105 reikia laikyti -25\u201355 \u00b0C temperat\u016broje, esant \u2264 95 % santykinei dr\u0117gmei.<\/p>\n<p><strong>\u012e pakuot\u0119 \u012feina:<\/strong><\/p>\n<p>1 vnt * pulsoksimetras<\/p>\n<p>1 vnt * dir\u017eelis<\/p>\n<p>1 vnt * \u012fkrovimo laidas<\/p>\n<p>&nbsp;<\/p>\n<p>&nbsp;<\/p>\n<div class=\"flex flex-grow flex-col max-w-full\">\n<div class=\"min-h-[20px] text-message flex flex-col items-start gap-3 whitespace-pre-wrap break-words [.text-message+&amp;]:mt-5 overflow-x-auto\" dir=\"auto\" data-message-author-role=\"assistant\" data-message-id=\"db6f923d-7546-437d-9526-5bcbb932724c\">\n<p><strong><span style=\"font-size: 20px;\">Kod\u0117l verta rinktis mus?<\/span><\/strong><\/p>\n<p><strong>Platus produkt\u0173 pasirinkimas:<\/strong> M\u016bs\u0173 parduotuv\u0117je rasite itin plat\u0173 medicinos technikos ir sveikatos prie\u017ei\u016bros priemoni\u0173 asortiment\u0105. Stengiam\u0117s atsi\u017evelgti \u012f \u012fvairius klient\u0173 poreikius ir u\u017etikrinti, kad rasite visk\u0105, ko reikia, r\u016bpinantis sveikata ir gerove.<\/p>\n<p><strong>Auk\u0161tos kokyb\u0117s produktai \u2013 garantuota kokyb\u0117:<\/strong> Mes tiekiame tik auk\u0161\u010diausios kokyb\u0117s medicinos priemones, atid\u017eiai atrinktas i\u0161 patikim\u0173 tiek\u0117j\u0173. Visi m\u016bs\u0173 produktai yra pagaminti i\u0161 kokybi\u0161k\u0173 med\u017eiag\u0173, tod\u0117l galite b\u016bti tikri d\u0117l j\u0173 patikimumo ir ilgaam\u017ei\u0161kumo.<\/p>\n<p><strong>Inovatyv\u016bs sprendimai ir funkcionalumas:<\/strong> Kiekvienas m\u016bs\u0173 produktas pasi\u017eymi pa\u017eangiausiomis technologijomis ir inovatyviais dizaino sprendimais, kurie u\u017etikrina lengv\u0105 ir patog\u0173 naudojim\u0105. M\u016bs\u0173 tikslas \u2013 ne tik u\u017etikrinti efektyvi\u0105 sveikatos prie\u017ei\u016br\u0105, bet ir palengvinti j\u016bs\u0173 kasdienyb\u0119.<\/p>\n<p><strong>Patogi ir saugi apsipirkimo patirtis:<\/strong> M\u016bs\u0173 internetin\u0117 parduotuv\u0117 yra sukurta taip, kad j\u016bs\u0173 apsipirkimo procesas b\u016bt\u0173 paprastas ir patogus. Suteikiame saugius atsiskaitymo b\u016bdus ir greit\u0105 pristatym\u0105 \u2013 u\u017esakymai jus pasieks vos per 1-3 darbo dienas.<\/p>\n<p><strong>Puikus klient\u0173 aptarnavimas:<\/strong> M\u016bs\u0173 profesionali komanda visada pasiruo\u0161usi atsakyti \u012f j\u016bs\u0173 klausimus ir pad\u0117ti i\u0161sirinkti tinkamiausius produktus. Esame pasiry\u017e\u0119 suteikti auk\u0161\u010diausio lygio aptarnavim\u0105 bei u\u017etikrinti klient\u0173 pasitenkinim\u0105.<\/p>\n<p><strong>Konkurencinga kaina:<\/strong> M\u016bs\u0173 kainos yra konkurencingos rinkoje, tad gausite auk\u0161tos kokyb\u0117s produktus u\u017e prieinam\u0105 kain\u0105. Siekiame, kad sveikatos prie\u017ei\u016bra b\u016bt\u0173 prieinama visiems, neprarandant kokyb\u0117s.<\/p>\n<p>Rinkdamiesi m\u016bs\u0173 parduotuv\u0119, pasirinksite patikimus ir inovatyvius sprendimus, puik\u0173 aptarnavim\u0105 ir optimal\u0173 kainos ir kokyb\u0117s santyk\u012f. Leiskite mums pad\u0117ti jums pasir\u016bpinti savo sveikata ir komfortu!<\/p>\n<\/div>\n<\/div>\n","protected":false},"excerpt":{"rendered":"<p><span class=\"productPage__descriptionBlock_productShortDescription\">Vaiki\u0161kas pulsoksimetras skirtas matuoti deguonies \u012fsisavinim\u0105 kraujyje (SpO2) bei \u0161irdies puls\u0105. Automatinis i\u0161sijungimas. Energij\u0105 taupantis LED ekranas.<\/span><\/p>\n","protected":false},"featured_media":9003,"comment_status":"open","ping_status":"closed","template":"","meta":{"inline_featured_image":false,"_monsterinsights_skip_tracking":false,"_monsterinsights_sitenote_active":false,"_monsterinsights_sitenote_note":"","_monsterinsights_sitenote_category":0},"product_brand":[],"product_cat":[93],"product_tag":[144,146,145],"class_list":{"0":"post-8995","1":"product","2":"type-product","3":"status-publish","4":"has-post-thumbnail","6":"product_cat-pulsoksimetrai","7":"product_tag-pulsoksimetras","8":"product_tag-pulsoksimetras-vaikams","9":"product_tag-vaikiskas-pulsoksimetras","11":"first","12":"outofstock","13":"sale","14":"shipping-taxable","15":"purchasable","16":"product-type-simple"},"_links":{"self":[{"href":"https:\/\/medgyd.lt\/parduotuve\/wp-json\/wp\/v2\/product\/8995","targetHints":{"allow":["GET"]}}],"collection":[{"href":"https:\/\/medgyd.lt\/parduotuve\/wp-json\/wp\/v2\/product"}],"about":[{"href":"https:\/\/medgyd.lt\/parduotuve\/wp-json\/wp\/v2\/types\/product"}],"replies":[{"embeddable":true,"href":"https:\/\/medgyd.lt\/parduotuve\/wp-json\/wp\/v2\/comments?post=8995"}],"wp:featuredmedia":[{"embeddable":true,"href":"https:\/\/medgyd.lt\/parduotuve\/wp-json\/wp\/v2\/media\/9003"}],"wp:attachment":[{"href":"https:\/\/medgyd.lt\/parduotuve\/wp-json\/wp\/v2\/media?parent=8995"}],"wp:term":[{"taxonomy":"product_brand","embeddable":true,"href":"https:\/\/medgyd.lt\/parduotuve\/wp-json\/wp\/v2\/product_brand?post=8995"},{"taxonomy":"product_cat","embeddable":true,"href":"https:\/\/medgyd.lt\/parduotuve\/wp-json\/wp\/v2\/product_cat?post=8995"},{"taxonomy":"product_tag","embeddable":true,"href":"https:\/\/medgyd.lt\/parduotuve\/wp-json\/wp\/v2\/product_tag?post=8995"}],"curies":[{"name":"wp","href":"https:\/\/api.w.org\/{rel}","templated":true}]}}