{"id":9174,"date":"2025-03-10T07:21:50","date_gmt":"2025-03-10T07:21:50","guid":{"rendered":"https:\/\/medgyd.lt\/parduotuve\/?post_type=product&#038;p=9174"},"modified":"2026-04-20T19:06:12","modified_gmt":"2026-04-20T19:06:12","slug":"bekontaktis-skaitmeninis-termometras-tm-300","status":"publish","type":"product","link":"https:\/\/medgyd.lt\/parduotuve\/produktas\/bekontaktis-skaitmeninis-termometras-tm-300\/","title":{"rendered":"Bekontaktis skaitmeninis termometras TM-300"},"content":{"rendered":"<div class=\"flex flex-grow flex-col max-w-full\">\n<div class=\"min-h-[20px] text-message flex flex-col items-start gap-3 whitespace-pre-wrap break-words [.text-message+&amp;]:mt-5 overflow-x-auto\" dir=\"auto\" data-message-author-role=\"assistant\" data-message-id=\"db6f923d-7546-437d-9526-5bcbb932724c\">\n<div class=\"markdown prose w-full break-words dark:prose-invert light\">\n<p><strong>Savyb\u0117s:<\/strong><\/p>\n<p>1. Tikslus matavimas: termometras naudoja optin\u012f matavimo metod\u0105, matavimo tikslumas siekia tik \u00b1 0,2 \u2103. Didelis tikslumas suteikia patikimus duomenis.<\/p>\n<p>2. Paprastas valdymas: termometras palaiko temperat\u016bros matavim\u0105 vienu mygtuku. Termometras pamatuos temperat\u016br\u0105 per 1s, kai paspaud\u017eiamas mygtukas.<\/p>\n<p>3. Patogus temperat\u016bros vertinimas: bekontaktis termometras naudoja skaitmenin\u012f ekran\u0105 ir turi fonin\u012f ap\u0161vietim\u0105 . Ma\u017eas korpusas su itin dideliu ekranu.<\/p>\n<p>4. Daugiafunkcinis: termometras gali ne tik palaikyti \u017emogaus k\u016bno temperat\u016bros matavim\u0105, bet ir pavir\u0161iaus temperat\u016bros matavim\u0105.<\/p>\n<p>5. Du matavimo vienetai: termometras palaiko Farenheito ir Celsijaus temperat\u016bros matavimus, kurie gali patenkinti \u012fvairi\u0173 situacij\u0173 poreikius.<\/p>\n<p>&nbsp;<\/p>\n<p>Apib\u016bdinimas:<\/p>\n<p>Termometras yra ma\u017eas ir ne\u0161iojamas, gra\u017eus ir i\u0161skirtinis, tinkantis \u017emogaus k\u016bno temperat\u016brai matuoti.<\/p>\n<p>&nbsp;<\/p>\n<p>&nbsp;<\/p>\n<p><strong>Specifikacijos:<\/strong><\/p>\n<div class=\"flex flex-grow flex-col max-w-full\">\n<div class=\"min-h-[20px] text-message flex flex-col items-start gap-3 whitespace-pre-wrap break-words [.text-message+&amp;]:mt-5 overflow-x-auto\" dir=\"auto\" data-message-author-role=\"assistant\" data-message-id=\"21ab0af8-b5cd-4456-81ec-0d84bf6ba485\">\n<div class=\"markdown prose w-full break-words dark:prose-invert light\"><strong>Matavimo diapazonas:<\/strong> K\u016bno 32-42.9\u2103; Pavir\u0161iaus 0-100\u2103<br \/>\n<strong>Tikslumas:<\/strong> Tarp (35-42)\u2103, \u00b10.2\u2103<br \/>\n<strong>Matavimo atstumas:<\/strong> 3 cm &#8211; 5 cm<br \/>\n<strong>Matavimo laikas:<\/strong> 1 s<br \/>\n<strong>Automatinis i\u0161jungimas:<\/strong> Po 30 s<br \/>\n<strong>Maitinimas:<\/strong> DC 1.5V*2 AAA baterijos (nepridedamos)<br \/>\n<strong>Pakuot\u0117s svoris:<\/strong> 150 g<\/div>\n<\/div>\n<\/div>\n<p>&nbsp;<\/p>\n<p><strong>Pakuot\u0117je:<\/strong><\/p>\n<p>1 vnt. * termometras be baterij\u0173<\/p>\n<p>&nbsp;<\/p>\n<\/div>\n<\/div>\n<\/div>\n","protected":false},"excerpt":{"rendered":"<p><strong>Spalva:<\/strong> Juoda<\/p>\n<p>&nbsp;<\/p>\n","protected":false},"featured_media":9175,"comment_status":"open","ping_status":"closed","template":"","meta":{"inline_featured_image":false,"_monsterinsights_skip_tracking":false,"_monsterinsights_sitenote_active":false,"_monsterinsights_sitenote_note":"","_monsterinsights_sitenote_category":0},"product_brand":[],"product_cat":[92],"product_tag":[],"class_list":{"0":"post-9174","1":"product","2":"type-product","3":"status-publish","4":"has-post-thumbnail","6":"product_cat-termometrai","8":"first","9":"instock","10":"sale","11":"shipping-taxable","12":"purchasable","13":"product-type-simple"},"_links":{"self":[{"href":"https:\/\/medgyd.lt\/parduotuve\/wp-json\/wp\/v2\/product\/9174","targetHints":{"allow":["GET"]}}],"collection":[{"href":"https:\/\/medgyd.lt\/parduotuve\/wp-json\/wp\/v2\/product"}],"about":[{"href":"https:\/\/medgyd.lt\/parduotuve\/wp-json\/wp\/v2\/types\/product"}],"replies":[{"embeddable":true,"href":"https:\/\/medgyd.lt\/parduotuve\/wp-json\/wp\/v2\/comments?post=9174"}],"wp:featuredmedia":[{"embeddable":true,"href":"https:\/\/medgyd.lt\/parduotuve\/wp-json\/wp\/v2\/media\/9175"}],"wp:attachment":[{"href":"https:\/\/medgyd.lt\/parduotuve\/wp-json\/wp\/v2\/media?parent=9174"}],"wp:term":[{"taxonomy":"product_brand","embeddable":true,"href":"https:\/\/medgyd.lt\/parduotuve\/wp-json\/wp\/v2\/product_brand?post=9174"},{"taxonomy":"product_cat","embeddable":true,"href":"https:\/\/medgyd.lt\/parduotuve\/wp-json\/wp\/v2\/product_cat?post=9174"},{"taxonomy":"product_tag","embeddable":true,"href":"https:\/\/medgyd.lt\/parduotuve\/wp-json\/wp\/v2\/product_tag?post=9174"}],"curies":[{"name":"wp","href":"https:\/\/api.w.org\/{rel}","templated":true}]}}