{"id":9179,"date":"2025-03-10T07:54:52","date_gmt":"2025-03-10T07:54:52","guid":{"rendered":"https:\/\/medgyd.lt\/parduotuve\/?post_type=product&#038;p=9179"},"modified":"2026-04-20T19:06:12","modified_gmt":"2026-04-20T19:06:12","slug":"3mhz-doplerio-vaisiaus-sirdies-ritmo-monitorius","status":"publish","type":"product","link":"https:\/\/medgyd.lt\/parduotuve\/produktas\/3mhz-doplerio-vaisiaus-sirdies-ritmo-monitorius\/","title":{"rendered":"3MHz Doplerio vaisiaus \u0161irdies ritmo monitorius"},"content":{"rendered":"<div class=\"flex flex-grow flex-col max-w-full\">\n<div class=\"min-h-[20px] text-message flex flex-col items-start gap-3 whitespace-pre-wrap break-words [.text-message+&amp;]:mt-5 overflow-x-auto\" dir=\"auto\" data-message-author-role=\"assistant\" data-message-id=\"db6f923d-7546-437d-9526-5bcbb932724c\">\n<div class=\"markdown prose w-full break-words dark:prose-invert light\">\n<h3 data-start=\"328\" data-end=\"346\"><strong data-start=\"332\" data-end=\"344\">Savyb\u0117s:<\/strong><\/h3>\n<p data-start=\"347\" data-end=\"746\">\u2714 <strong data-start=\"349\" data-end=\"371\">Ai\u0161kus LCD ekranas<\/strong> \u2013 patogus duomen\u0173 rodymas realiuoju laiku.<br data-start=\"414\" data-end=\"417\" \/>\u2714 <strong data-start=\"419\" data-end=\"451\">3MHz didelio jautrumo zondas<\/strong> \u2013 u\u017etikrina tiksl\u0173 \u0161irdies ritmo fiksavim\u0105.<br data-start=\"495\" data-end=\"498\" data-is-only-node=\"\" \/>\u2714 <strong data-start=\"500\" data-end=\"525\">Ne\u0161iojamas ir lengvas<\/strong> \u2013 patogus naudoti tiek namuose, tiek kelion\u0117se.<br data-start=\"573\" data-end=\"576\" \/>\u2714 <strong data-start=\"578\" data-end=\"603\">Saugus ir neinvazinis<\/strong> \u2013 atitinka medicininius saugumo standartus.<br data-start=\"647\" data-end=\"650\" \/>\u2714 <strong data-start=\"652\" data-end=\"689\">Garsinis ir vizualinis fiksavimas<\/strong> \u2013 galimyb\u0117 gird\u0117ti ir matyti vaisiaus \u0161irdies plakim\u0105.<\/p>\n<p data-start=\"748\" data-end=\"856\" data-is-last-node=\"\" data-is-only-node=\"\">\u0160is Doplerio monitorius suteikia ramyb\u0119 ir leid\u017eia t\u0117vams d\u017eiaugtis ypatingais k\u016bdikio laukimo momentais!<\/p>\n<p><strong>Specifikacijos:<\/strong><\/p>\n<div class=\"flex flex-grow flex-col max-w-full\">\n<div class=\"min-h-[20px] text-message flex flex-col items-start gap-3 whitespace-pre-wrap break-words [.text-message+&amp;]:mt-5 overflow-x-auto\" dir=\"auto\" data-message-author-role=\"assistant\" data-message-id=\"21ab0af8-b5cd-4456-81ec-0d84bf6ba485\">\n<div class=\"markdown prose w-full break-words dark:prose-invert light\">\n<p><strong>Maitinimas:<\/strong> DC 1.5V*2 AA baterijos (nepridedamos)<\/p>\n<p><strong>Pastaba:\u00a0<\/strong>Skland\u017eiam prietaiso naudojimui rekomenduojame naudoti ulragarso gel\u012f (nepridedama)<\/p>\n<\/div>\n<\/div>\n<\/div>\n<p><strong>Pakuot\u0117je:<\/strong><\/p>\n<p>1 vnt. * ultragarsinis daviklis su monitoriumi<\/p>\n<p>&nbsp;<\/p>\n<\/div>\n<\/div>\n<\/div>\n","protected":false},"excerpt":{"rendered":"<p>\u0160is ne\u0161iojamas <strong data-start=\"70\" data-end=\"121\">3MHz Doplerio vaisiaus \u0161irdies ritmo monitorius<\/strong> yra puikus pasirinkimas b\u016bsimoms mamoms, norin\u010dioms steb\u0117ti savo k\u016bdikio \u0161irdies plakim\u0105 namuose. Prietaisas naudoja <strong data-start=\"239\" data-end=\"267\">auk\u0161to da\u017enio ultragars\u0105<\/strong>, kad ai\u0161kiai ir tiksliai aptikt\u0173 vaisiaus \u0161irdies ritm\u0105.<\/p>\n<p>&nbsp;<\/p>\n","protected":false},"featured_media":9180,"comment_status":"open","ping_status":"closed","template":"","meta":{"inline_featured_image":false,"_monsterinsights_skip_tracking":false,"_monsterinsights_sitenote_active":false,"_monsterinsights_sitenote_note":"","_monsterinsights_sitenote_category":0},"product_brand":[],"product_cat":[156],"product_tag":[],"class_list":{"0":"post-9179","1":"product","2":"type-product","3":"status-publish","4":"has-post-thumbnail","6":"product_cat-ultragarso-monitorius","8":"first","9":"outofstock","10":"sale","11":"shipping-taxable","12":"purchasable","13":"product-type-simple"},"_links":{"self":[{"href":"https:\/\/medgyd.lt\/parduotuve\/wp-json\/wp\/v2\/product\/9179","targetHints":{"allow":["GET"]}}],"collection":[{"href":"https:\/\/medgyd.lt\/parduotuve\/wp-json\/wp\/v2\/product"}],"about":[{"href":"https:\/\/medgyd.lt\/parduotuve\/wp-json\/wp\/v2\/types\/product"}],"replies":[{"embeddable":true,"href":"https:\/\/medgyd.lt\/parduotuve\/wp-json\/wp\/v2\/comments?post=9179"}],"wp:featuredmedia":[{"embeddable":true,"href":"https:\/\/medgyd.lt\/parduotuve\/wp-json\/wp\/v2\/media\/9180"}],"wp:attachment":[{"href":"https:\/\/medgyd.lt\/parduotuve\/wp-json\/wp\/v2\/media?parent=9179"}],"wp:term":[{"taxonomy":"product_brand","embeddable":true,"href":"https:\/\/medgyd.lt\/parduotuve\/wp-json\/wp\/v2\/product_brand?post=9179"},{"taxonomy":"product_cat","embeddable":true,"href":"https:\/\/medgyd.lt\/parduotuve\/wp-json\/wp\/v2\/product_cat?post=9179"},{"taxonomy":"product_tag","embeddable":true,"href":"https:\/\/medgyd.lt\/parduotuve\/wp-json\/wp\/v2\/product_tag?post=9179"}],"curies":[{"name":"wp","href":"https:\/\/api.w.org\/{rel}","templated":true}]}}