{"id":9186,"date":"2025-03-10T18:18:34","date_gmt":"2025-03-10T18:18:34","guid":{"rendered":"https:\/\/medgyd.lt\/parduotuve\/?post_type=product&#038;p=9186"},"modified":"2026-02-03T17:14:49","modified_gmt":"2026-02-03T17:14:49","slug":"mini-zibintuvelis-paciento-apziurai-b35","status":"publish","type":"product","link":"https:\/\/medgyd.lt\/parduotuve\/produktas\/mini-zibintuvelis-paciento-apziurai-b35\/","title":{"rendered":"Mini \u017eibintuv\u0117lis paciento ap\u017ei\u016brai B35"},"content":{"rendered":"<p data-start=\"107\" data-end=\"367\">\u0160is <strong data-start=\"111\" data-end=\"143\">medicininis LED \u017eibintuv\u0117lis<\/strong> \u2013 b\u016btinas \u012frankis kiekvienam gydytojui, slaugytojui ir sveikatos prie\u017ei\u016bros specialistui. Kompakti\u0161kas, patogus ir itin funkcionalus, jis padeda greitai bei tiksliai atlikti diagnostik\u0105 net ir sud\u0117tingiausiomis s\u0105lygomis.<\/p>\n<h4 data-start=\"369\" data-end=\"404\"><strong data-start=\"374\" data-end=\"402\">Pagrindiniai privalumai:<\/strong><\/h4>\n<p data-start=\"406\" data-end=\"654\">\u2714\ufe0f <strong data-start=\"409\" data-end=\"459\">Dviguba \u0161viesos funkcija skirtingiems tyrimams<\/strong> \u2013 <strong data-start=\"462\" data-end=\"478\">balta \u0161viesa<\/strong> skirta <strong data-start=\"486\" data-end=\"540\">aus\u0173, nosies, gerkl\u0117s ir burnos gleivin\u0117s ap\u017ei\u016brai<\/strong>, o <strong data-start=\"544\" data-end=\"562\">geltona \u0161viesa<\/strong> \u2013 ideali <strong data-start=\"572\" data-end=\"601\">oftalmologiniams tyrimams<\/strong>, nes suma\u017eina atspind\u017eius ir pacient\u0173 diskomfort\u0105.<\/p>\n<p data-start=\"656\" data-end=\"819\">\u2714\ufe0f <strong data-start=\"659\" data-end=\"681\">Patogus ir lengvas<\/strong> \u2013 Pagamintas i\u0161 <strong data-start=\"698\" data-end=\"726\">tvirto aliuminio lydinio<\/strong>, \u017eibintuv\u0117lis <strong data-start=\"741\" data-end=\"760\">sveria vos 35 g<\/strong>, tod\u0117l lengvai telpa ki\u0161en\u0117je ar medicinin\u0117je rankin\u0117je.<\/p>\n<p data-start=\"821\" data-end=\"984\">\u2714\ufe0f <strong data-start=\"824\" data-end=\"845\">Paprastas naudoti<\/strong> \u2013 <strong data-start=\"848\" data-end=\"874\">Mygtukas ant dangtelio<\/strong> leid\u017eia patogiai \u012fjungti ir i\u0161jungti \u0161vies\u0105 viena ranka \u2013 itin svarbu skubiems medicininiams patikrinimams.<\/p>\n<p data-start=\"986\" data-end=\"1151\">\u2714\ufe0f <strong data-start=\"989\" data-end=\"1023\">Galingas ir ry\u0161kus ap\u0161vietimas<\/strong> \u2013 <strong data-start=\"1026\" data-end=\"1046\">Platus spindulys<\/strong> ap\u0161vie\u010dia didel\u012f plot\u0105, o <strong data-start=\"1073\" data-end=\"1096\">koncentruota \u0161viesa<\/strong> leid\u017eia kruop\u0161\u010diai i\u0161tirti net smulkiausias detales.<\/p>\n<p data-start=\"1153\" data-end=\"1322\">\u2714\ufe0f <strong data-start=\"1156\" data-end=\"1194\">Prakti\u0161kas dizainas profesionalams<\/strong> \u2013 Integruotas <strong data-start=\"1209\" data-end=\"1232\">ra\u0161iklio spaustukas<\/strong> leid\u017eia pritvirtinti \u017eibintuv\u0117l\u012f prie chalato ar ki\u0161en\u0117s, kad jis visada b\u016bt\u0173 po ranka.<\/p>\n<h4 data-start=\"0\" data-end=\"25\"><strong data-start=\"4\" data-end=\"23\">Specifikacijos:<\/strong><\/h4>\n<ul data-start=\"27\" data-end=\"352\" data-is-only-node=\"\">\n<li data-start=\"27\" data-end=\"48\"><strong data-start=\"29\" data-end=\"40\">Spalva:<\/strong> Juoda<\/li>\n<li data-start=\"49\" data-end=\"125\"><strong data-start=\"51\" data-end=\"68\">Lempos tipas:<\/strong> LED dvigubas \u0161viesos \u0161altinis (balta + geltona \u0161viesa)<\/li>\n<li data-start=\"126\" data-end=\"157\"><strong data-start=\"128\" data-end=\"138\">Dydis:<\/strong> 128 \u00d7 16 \u00d7 14 mm<\/li>\n<li data-start=\"158\" data-end=\"193\"><strong data-start=\"160\" data-end=\"173\">Med\u017eiaga:<\/strong> Aliuminio lydinys<\/li>\n<li data-start=\"194\" data-end=\"214\"><strong data-start=\"196\" data-end=\"207\">Svoris:<\/strong> 35 g<\/li>\n<li data-start=\"215\" data-end=\"271\"><strong data-start=\"217\" data-end=\"237\">Maitinimo tipas:<\/strong> 2 \u00d7 AAA baterijos (nepridedame)<\/li>\n<li data-start=\"297\" data-end=\"352\"><strong data-start=\"299\" data-end=\"317\">Komplektacija:<\/strong> 1 \u00d7 LED medicininis \u017eibintuv\u0117lis<\/li>\n<\/ul>\n<p>&nbsp;<\/p>\n<p><strong>Kod\u0117l verta rinktis mus?<\/strong><\/p>\n<p><strong>Platus produkt\u0173 pasirinkimas:<\/strong> M\u016bs\u0173 parduotuv\u0117je rasite itin plat\u0173 medicinos technikos ir sveikatos prie\u017ei\u016bros priemoni\u0173 asortiment\u0105. Stengiam\u0117s atsi\u017evelgti \u012f \u012fvairius klient\u0173 poreikius ir u\u017etikrinti, kad rasite visk\u0105, ko reikia, r\u016bpinantis sveikata ir gerove.<\/p>\n<p><strong>Auk\u0161tos kokyb\u0117s produktai \u2013 garantuota kokyb\u0117:<\/strong> Mes tiekiame tik auk\u0161\u010diausios kokyb\u0117s medicinos priemones, atid\u017eiai atrinktas i\u0161 patikim\u0173 tiek\u0117j\u0173. Visi m\u016bs\u0173 produktai yra pagaminti i\u0161 kokybi\u0161k\u0173 med\u017eiag\u0173, tod\u0117l galite b\u016bti tikri d\u0117l j\u0173 patikimumo ir ilgaam\u017ei\u0161kumo.<\/p>\n<p><strong>Inovatyv\u016bs sprendimai ir funkcionalumas:<\/strong> Kiekvienas m\u016bs\u0173 produktas pasi\u017eymi pa\u017eangiausiomis technologijomis ir inovatyviais dizaino sprendimais, kurie u\u017etikrina lengv\u0105 ir patog\u0173 naudojim\u0105. M\u016bs\u0173 tikslas \u2013 ne tik u\u017etikrinti efektyvi\u0105 sveikatos prie\u017ei\u016br\u0105, bet ir palengvinti j\u016bs\u0173 kasdienyb\u0119.<\/p>\n<p><strong>Patogi ir saugi apsipirkimo patirtis:<\/strong> M\u016bs\u0173 internetin\u0117 parduotuv\u0117 yra sukurta taip, kad j\u016bs\u0173 apsipirkimo procesas b\u016bt\u0173 paprastas ir patogus. Suteikiame saugius atsiskaitymo b\u016bdus ir greit\u0105 pristatym\u0105 \u2013 u\u017esakymai jus pasieks vos per 1-3 darbo dienas.<\/p>\n<p><strong>Puikus klient\u0173 aptarnavimas:<\/strong> M\u016bs\u0173 profesionali komanda visada pasiruo\u0161usi atsakyti \u012f j\u016bs\u0173 klausimus ir pad\u0117ti i\u0161sirinkti tinkamiausius produktus. Esame pasiry\u017e\u0119 suteikti auk\u0161\u010diausio lygio aptarnavim\u0105 bei u\u017etikrinti klient\u0173 pasitenkinim\u0105.<\/p>\n<p><strong>Konkurencinga kaina:<\/strong> M\u016bs\u0173 kainos yra konkurencingos rinkoje, tad gausite auk\u0161tos kokyb\u0117s produktus u\u017e prieinam\u0105 kain\u0105. Siekiame, kad sveikatos prie\u017ei\u016bra b\u016bt\u0173 prieinama visiems, neprarandant kokyb\u0117s.<\/p>\n<p>Rinkdamiesi m\u016bs\u0173 parduotuv\u0119, pasirinksite patikimus ir inovatyvius sprendimus, puik\u0173 aptarnavim\u0105 ir optimal\u0173 kainos ir kokyb\u0117s santyk\u012f. Leiskite mums pad\u0117ti jums pasir\u016bpinti savo sveikata ir komfortu!<\/p>\n","protected":false},"excerpt":{"rendered":"<p>\u0160is <strong data-start=\"111\" data-end=\"143\">medicininis LED \u017eibintuv\u0117lis<\/strong> \u2013 b\u016btinas \u012frankis kiekvienam gydytojui, slaugytojui ir sveikatos prie\u017ei\u016bros specialistui. Kompakti\u0161kas, patogus ir itin funkcionalus, jis padeda greitai bei tiksliai atlikti diagnostik\u0105 net ir sud\u0117tingiausiomis s\u0105lygomis.<\/p>\n<p>&nbsp;<\/p>\n<p>&nbsp;<\/p>\n","protected":false},"featured_media":9191,"comment_status":"open","ping_status":"closed","template":"","meta":{"inline_featured_image":false,"_monsterinsights_skip_tracking":false,"_monsterinsights_sitenote_active":false,"_monsterinsights_sitenote_note":"","_monsterinsights_sitenote_category":0},"product_brand":[],"product_cat":[123,130],"product_tag":[],"class_list":{"0":"post-9186","1":"product","2":"type-product","3":"status-publish","4":"has-post-thumbnail","6":"product_cat-gydytojams","7":"product_cat-zibintuveliai","9":"first","10":"instock","11":"sale","12":"shipping-taxable","13":"purchasable","14":"product-type-simple"},"_links":{"self":[{"href":"https:\/\/medgyd.lt\/parduotuve\/wp-json\/wp\/v2\/product\/9186","targetHints":{"allow":["GET"]}}],"collection":[{"href":"https:\/\/medgyd.lt\/parduotuve\/wp-json\/wp\/v2\/product"}],"about":[{"href":"https:\/\/medgyd.lt\/parduotuve\/wp-json\/wp\/v2\/types\/product"}],"replies":[{"embeddable":true,"href":"https:\/\/medgyd.lt\/parduotuve\/wp-json\/wp\/v2\/comments?post=9186"}],"wp:featuredmedia":[{"embeddable":true,"href":"https:\/\/medgyd.lt\/parduotuve\/wp-json\/wp\/v2\/media\/9191"}],"wp:attachment":[{"href":"https:\/\/medgyd.lt\/parduotuve\/wp-json\/wp\/v2\/media?parent=9186"}],"wp:term":[{"taxonomy":"product_brand","embeddable":true,"href":"https:\/\/medgyd.lt\/parduotuve\/wp-json\/wp\/v2\/product_brand?post=9186"},{"taxonomy":"product_cat","embeddable":true,"href":"https:\/\/medgyd.lt\/parduotuve\/wp-json\/wp\/v2\/product_cat?post=9186"},{"taxonomy":"product_tag","embeddable":true,"href":"https:\/\/medgyd.lt\/parduotuve\/wp-json\/wp\/v2\/product_tag?post=9186"}],"curies":[{"name":"wp","href":"https:\/\/api.w.org\/{rel}","templated":true}]}}