{"id":9193,"date":"2025-03-10T18:32:44","date_gmt":"2025-03-10T18:32:44","guid":{"rendered":"https:\/\/medgyd.lt\/parduotuve\/?post_type=product&#038;p=9193"},"modified":"2026-02-07T17:19:36","modified_gmt":"2026-02-07T17:19:36","slug":"ismanu-ausu-valymo-prietaisas-endoskopas-natfire-nk3-pro","status":"publish","type":"product","link":"https:\/\/medgyd.lt\/parduotuve\/produktas\/ismanu-ausu-valymo-prietaisas-endoskopas-natfire-nk3-pro\/","title":{"rendered":"I\u0161manus aus\u0173 valymo prietaisas endoskopas NATFIRE NK3 Pro"},"content":{"rendered":"<h4 data-start=\"434\" data-end=\"476\"><strong data-start=\"438\" data-end=\"474\">Kod\u0117l verta rinktis \u0161\u012f otoskop\u0105?<\/strong><\/h4>\n<p data-start=\"478\" data-end=\"634\">\u2714\ufe0f <strong data-start=\"481\" data-end=\"513\">360\u00b0 plataus kampo HD kamera<\/strong> \u2013 auk\u0161tos kokyb\u0117s <strong data-start=\"532\" data-end=\"556\">1296P rai\u0161kos kamera<\/strong> leid\u017eia steb\u0117ti kiekvien\u0105 detal\u0119 ir u\u017etikrina tiksl\u0173 valym\u0105 be sudirginimo.<\/p>\n<p data-start=\"636\" data-end=\"782\">\u2714\ufe0f <strong data-start=\"639\" data-end=\"672\">Saug\u016bs ir patobulinti priedai<\/strong> \u2013 prietaisas pagamintas i\u0161 nekenksming\u0173 med\u017eiag\u0173.<\/p>\n<p data-start=\"784\" data-end=\"983\">\u2714\ufe0f <strong data-start=\"787\" data-end=\"833\">Lengvas naudojimas su mobili\u0105ja program\u0117le<\/strong> \u2013 tiesiog nuskaitykite <strong data-start=\"857\" data-end=\"868\">QR kod\u0105<\/strong>, atsisi\u0173skite program\u0117l\u0119 ir prijunkite prietais\u0105 prie savo <strong data-start=\"928\" data-end=\"946\">Android ar iOS<\/strong> \u012frenginio per \u201eWiFi\u201c (HNDEC-xxxx).<\/p>\n<p data-start=\"985\" data-end=\"1132\">\u2714\ufe0f <strong data-start=\"988\" data-end=\"1021\">Pla\u010dios panaudojimo galimyb\u0117s<\/strong> \u2013 ne tik aus\u0173 prie\u017ei\u016brai! Tinka <strong data-start=\"1054\" data-end=\"1079\">odos, nosies ir dant\u0173<\/strong> ap\u017ei\u016brai bei netgi <strong data-start=\"1099\" data-end=\"1129\">augintini\u0173 aus\u0173 tikrinimui<\/strong>.<\/p>\n<p data-start=\"1134\" data-end=\"1265\">\u2714\ufe0f <strong data-start=\"1137\" data-end=\"1156\">USB C \u012fkrovimas<\/strong> \u2013 patogus \u012fkrovimas u\u017etikrina ilgaam\u017ei\u0161kum\u0105 ir patikim\u0105 veikim\u0105 be nereikaling\u0173 laid\u0173 ar baterij\u0173 keitimo.<\/p>\n<p data-start=\"1267\" data-end=\"1409\">\ud83d\udd39 <strong data-start=\"1270\" data-end=\"1340\">I\u0161manus ir saugus b\u016bdas pasir\u016bpinti savo ir \u0161eimos nari\u0173 sveikata!<\/strong><\/p>\n<hr data-start=\"1411\" data-end=\"1414\" \/>\n<h4 data-start=\"1416\" data-end=\"1441\"><strong data-start=\"1420\" data-end=\"1439\">Specifikacijos:<\/strong><\/h4>\n<ul data-start=\"1442\" data-end=\"1719\">\n<li data-start=\"1442\" data-end=\"1498\"><strong data-start=\"1444\" data-end=\"1455\">Kamera:<\/strong> 1296P HD su 360\u00b0 plataus kampo objektyvu<\/li>\n<li data-start=\"1499\" data-end=\"1543\"><strong data-start=\"1501\" data-end=\"1513\">Jungtis:<\/strong> Belaid\u0117 \u201eWiFi\u201c technologija<\/li>\n<li data-start=\"1544\" data-end=\"1614\"><strong data-start=\"1546\" data-end=\"1564\">Suderinamumas:<\/strong> Android \/ iOS \u012frenginiai (telefonai, plan\u0161et\u0117s)<\/li>\n<li data-start=\"1615\" data-end=\"1650\"><strong data-start=\"1617\" data-end=\"1632\">Maitinimas:<\/strong> USB C \u012fkrovimas<\/li>\n<li data-start=\"1651\" data-end=\"1719\"><strong data-start=\"1653\" data-end=\"1668\">Naudojimas:<\/strong> Ausims, odai, nosiai, dantims, augintini\u0173 ausims<\/li>\n<\/ul>\n<h4 data-start=\"1721\" data-end=\"1774\"><strong data-start=\"1725\" data-end=\"1772\">Komplektacija\u00a0<\/strong><\/h4>\n<h4 data-start=\"1721\" data-end=\"1774\">\u2714\ufe0f 1 \u00d7 I\u0161manusis vaizdo aus\u0173 krap\u0161tukas<br data-start=\"2043\" data-end=\"2046\" \/>\u2714\ufe0f 5 \u00d7 Pakei\u010diami aus\u0173 antgaliai<br data-start=\"2078\" data-end=\"2081\" \/>\u2714\ufe0f 1 \u00d7 \u012ekrovimo laidas<br data-start=\"2103\" data-end=\"2106\" \/>\u2714\ufe0f 1 \u00d7 Naudojimo instrukcija<br data-start=\"2134\" data-end=\"2137\" \/>\u2714\ufe0f 1 \u00d7 Pakuot\u0117s d\u0117\u017eut\u0117<\/h4>\n<p>&nbsp;<\/p>\n<h4><strong>Kod\u0117l verta rinktis mus?<\/strong><\/h4>\n<p><strong>Platus produkt\u0173 pasirinkimas:<\/strong> M\u016bs\u0173 parduotuv\u0117je rasite itin plat\u0173 medicinos technikos ir sveikatos prie\u017ei\u016bros priemoni\u0173 asortiment\u0105. Stengiam\u0117s atsi\u017evelgti \u012f \u012fvairius klient\u0173 poreikius ir u\u017etikrinti, kad rasite visk\u0105, ko reikia, r\u016bpinantis sveikata ir gerove.<\/p>\n<p><strong>Auk\u0161tos kokyb\u0117s produktai \u2013 garantuota kokyb\u0117:<\/strong> Mes tiekiame tik auk\u0161\u010diausios kokyb\u0117s medicinos priemones, atid\u017eiai atrinktas i\u0161 patikim\u0173 tiek\u0117j\u0173. Visi m\u016bs\u0173 produktai yra pagaminti i\u0161 kokybi\u0161k\u0173 med\u017eiag\u0173, tod\u0117l galite b\u016bti tikri d\u0117l j\u0173 patikimumo ir ilgaam\u017ei\u0161kumo.<\/p>\n<p><strong>Inovatyv\u016bs sprendimai ir funkcionalumas:<\/strong> Kiekvienas m\u016bs\u0173 produktas pasi\u017eymi pa\u017eangiausiomis technologijomis ir inovatyviais dizaino sprendimais, kurie u\u017etikrina lengv\u0105 ir patog\u0173 naudojim\u0105. M\u016bs\u0173 tikslas \u2013 ne tik u\u017etikrinti efektyvi\u0105 sveikatos prie\u017ei\u016br\u0105, bet ir palengvinti j\u016bs\u0173 kasdienyb\u0119.<\/p>\n<p><strong>Patogi ir saugi apsipirkimo patirtis:<\/strong> M\u016bs\u0173 internetin\u0117 parduotuv\u0117 yra sukurta taip, kad j\u016bs\u0173 apsipirkimo procesas b\u016bt\u0173 paprastas ir patogus. Suteikiame saugius atsiskaitymo b\u016bdus ir greit\u0105 pristatym\u0105 \u2013 u\u017esakymai jus pasieks vos per 1-3 darbo dienas.<\/p>\n<p><strong>Puikus klient\u0173 aptarnavimas:<\/strong> M\u016bs\u0173 profesionali komanda visada pasiruo\u0161usi atsakyti \u012f j\u016bs\u0173 klausimus ir pad\u0117ti i\u0161sirinkti tinkamiausius produktus. Esame pasiry\u017e\u0119 suteikti auk\u0161\u010diausio lygio aptarnavim\u0105 bei u\u017etikrinti klient\u0173 pasitenkinim\u0105.<\/p>\n<p><strong>Konkurencinga kaina:<\/strong> M\u016bs\u0173 kainos yra konkurencingos rinkoje, tad gausite auk\u0161tos kokyb\u0117s produktus u\u017e prieinam\u0105 kain\u0105. Siekiame, kad sveikatos prie\u017ei\u016bra b\u016bt\u0173 prieinama visiems, neprarandant kokyb\u0117s.<\/p>\n<p>Rinkdamiesi m\u016bs\u0173 parduotuv\u0119, pasirinksite patikimus ir inovatyvius sprendimus, puik\u0173 aptarnavim\u0105 ir optimal\u0173 kainos ir kokyb\u0117s santyk\u012f. Leiskite mums pad\u0117ti jums pasir\u016bpinti savo sveikata ir komfortu!<\/p>\n","protected":false},"excerpt":{"rendered":"<p>Atraskite nauj\u0105 aus\u0173 higienos lyg\u012f su\u00a0 i\u0161maniuoju <strong data-start=\"178\" data-end=\"199\">NK3 Pro otoskopu<\/strong>, kuris u\u017etikrina ai\u0161k\u0173 vaizd\u0105 ir saug\u0173 aus\u0173 valym\u0105. \u0160is modernus aus\u0173 va\u0161ko \u0161alinimo \u012frankis turi mini<strong data-start=\"291\" data-end=\"306\"> kamer\u0105,\u00a0<\/strong>kuri leid\u017eia <strong data-start=\"315\" data-end=\"339\">tiksliai ir patogiai<\/strong> steb\u0117ti aus\u0173 kanal\u0105 realiuoju laiku bei efektyviai pa\u0161alinti ne\u0161varumus be jokios rizikos.<\/p>\n<p>Reikia atsisi\u0173st program\u0117l\u0119 &#8222;<strong>HND<\/strong>&#8221; (veikia Android ir IOS) ir tuomet labai lengvai susijungia su telefonu. Telefono ekrane matote ausies vaizd\u0105.<\/p>\n<p><strong>Garantuojame geriausi\u0105 kain\u0105 ir grei\u010diausi\u0105 pristatym\u0105 Lietuvoje!<\/strong><\/p>\n<p>&nbsp;<\/p>\n<p>&nbsp;<\/p>\n","protected":false},"featured_media":9195,"comment_status":"open","ping_status":"closed","template":"","meta":{"inline_featured_image":false,"_monsterinsights_skip_tracking":false,"_monsterinsights_sitenote_active":false,"_monsterinsights_sitenote_note":"","_monsterinsights_sitenote_category":0},"product_brand":[],"product_cat":[157],"product_tag":[],"class_list":{"0":"post-9193","1":"product","2":"type-product","3":"status-publish","4":"has-post-thumbnail","6":"product_cat-ausu-prieziura","8":"first","9":"instock","10":"sale","11":"shipping-taxable","12":"purchasable","13":"product-type-simple"},"_links":{"self":[{"href":"https:\/\/medgyd.lt\/parduotuve\/wp-json\/wp\/v2\/product\/9193","targetHints":{"allow":["GET"]}}],"collection":[{"href":"https:\/\/medgyd.lt\/parduotuve\/wp-json\/wp\/v2\/product"}],"about":[{"href":"https:\/\/medgyd.lt\/parduotuve\/wp-json\/wp\/v2\/types\/product"}],"replies":[{"embeddable":true,"href":"https:\/\/medgyd.lt\/parduotuve\/wp-json\/wp\/v2\/comments?post=9193"}],"wp:featuredmedia":[{"embeddable":true,"href":"https:\/\/medgyd.lt\/parduotuve\/wp-json\/wp\/v2\/media\/9195"}],"wp:attachment":[{"href":"https:\/\/medgyd.lt\/parduotuve\/wp-json\/wp\/v2\/media?parent=9193"}],"wp:term":[{"taxonomy":"product_brand","embeddable":true,"href":"https:\/\/medgyd.lt\/parduotuve\/wp-json\/wp\/v2\/product_brand?post=9193"},{"taxonomy":"product_cat","embeddable":true,"href":"https:\/\/medgyd.lt\/parduotuve\/wp-json\/wp\/v2\/product_cat?post=9193"},{"taxonomy":"product_tag","embeddable":true,"href":"https:\/\/medgyd.lt\/parduotuve\/wp-json\/wp\/v2\/product_tag?post=9193"}],"curies":[{"name":"wp","href":"https:\/\/api.w.org\/{rel}","templated":true}]}}