{"id":9655,"date":"2025-10-26T14:25:26","date_gmt":"2025-10-26T14:25:26","guid":{"rendered":"https:\/\/medgyd.lt\/parduotuve\/?post_type=product&#038;p=9655"},"modified":"2025-12-05T19:18:31","modified_gmt":"2025-12-05T19:18:31","slug":"belaidis-elektrinis-pedu-irkulnu-sveitiklis-baltas","status":"publish","type":"product","link":"https:\/\/medgyd.lt\/parduotuve\/produktas\/belaidis-elektrinis-pedu-irkulnu-sveitiklis-baltas\/","title":{"rendered":"Belaidis elektrinis p\u0117d\u0173 irkuln\u0173 \u0161veitiklis, baltas"},"content":{"rendered":"<p>Ergonomi\u0161kas dizainas: Lengva naudoti koj\u0173, priekin\u0117s ir nugaros pus\u0117s \u2013 kulnai, pir\u0161tai, \u0161onai ir p\u0117dos.<\/p>\n<p>Belaidis, \u012fkraunamas ir atsparus vandeniui: USB \u012fkrovimas yra ne\u0161iojamas ir pagamintas i\u0161 vandeniui atsparios med\u017eiagos. Lengva valyti.<br \/>\n2 grei\u010diai: \u0160is gaminys turi 2 grei\u010dius.<br \/>\nLED ap\u0161vietimas: \u0160viesa leid\u017eia lengvai matyti esant silpnam ap\u0161vietimui.<br \/>\nPakuot\u0117je yra 2 voleli\u0173 galvut\u0117s: vienas smulkus volelis poliravimui ir kasdienei prie\u017ei\u016brai ir vienas \u0161iurk\u0161tus volelis, skirtas i\u0161lyginti nuospaudas ir negyv\u0105 od\u0105.<\/p>\n<p>Pakuot\u0117je yra:<\/p>\n<p>1 * P\u0117d\u0173 \u0161veitimo aparatas<br \/>\n1 * USB \u012fkrovimo laidas<br \/>\n1 * Smulki ritinin\u0117 galvut\u0117<br \/>\n1 * Stambi ritinin\u0117 galvut\u0117<\/p>\n<p data-start=\"585\" data-end=\"615\"><strong data-start=\"585\" data-end=\"613\">Pagrindiniai privalumai:<\/strong><\/p>\n<ul data-start=\"616\" data-end=\"1197\">\n<li data-start=\"616\" data-end=\"734\">\n<p data-start=\"618\" data-end=\"734\">\ud83d\udc8e <strong data-start=\"621\" data-end=\"639\">Auk\u0161ta kokyb\u0117:<\/strong> Pagamintos i\u0161 tvirt\u0173 ir ilgalaiki\u0173 mikrodaleli\u0173 abrazyvo, u\u017etikrinan\u010dio tolygius rezultatus.<\/p>\n<\/li>\n<li data-start=\"735\" data-end=\"858\">\n<p data-start=\"737\" data-end=\"858\">\ud83e\uddb6 <strong data-start=\"740\" data-end=\"767\">\u0160velniai ir efektyviai valo:<\/strong> Greitai pa\u0161alina kiet\u0105 od\u0105, nuospaudas ir \u0161iurk\u0161\u010dias vietas \u2013 be skausmo ir be pastang\u0173.<\/p>\n<\/li>\n<li data-start=\"859\" data-end=\"979\">\n<p data-start=\"861\" data-end=\"979\">\ud83d\udd04 <strong data-start=\"864\" data-end=\"886\">Lengvai kei\u010diamos galvut\u0117s:<\/strong> Tiesiog \u012fstatykite nauj\u0105 galvut\u0119 \u012f savo p\u0117d\u0173 \u0161veitikl\u012f \u2013 joki\u0173 papildom\u0173 \u012franki\u0173 nereikia.<\/p>\n<\/li>\n<li data-start=\"980\" data-end=\"1082\">\n<p data-start=\"982\" data-end=\"1082\">\ud83c\udfe0 <strong data-start=\"985\" data-end=\"1008\">Naudojimui namuose:<\/strong> Ergonomi\u0161ka forma u\u017etikrina saug\u0173, profesional\u0173 rezultat\u0105 j\u016bs\u0173 namuose.<\/p>\n<\/li>\n<\/ul>\n","protected":false},"excerpt":{"rendered":"<p><strong>Spalva:<\/strong> Balta<\/p>\n","protected":false},"featured_media":9657,"comment_status":"closed","ping_status":"closed","template":"","meta":{"inline_featured_image":false,"_monsterinsights_skip_tracking":false,"_monsterinsights_sitenote_active":false,"_monsterinsights_sitenote_note":"","_monsterinsights_sitenote_category":0},"product_brand":[],"product_cat":[135],"product_tag":[],"class_list":{"0":"post-9655","1":"product","2":"type-product","3":"status-publish","4":"has-post-thumbnail","6":"product_cat-kuno-prieziurai","8":"first","9":"instock","10":"sale","11":"shipping-taxable","12":"purchasable","13":"product-type-simple"},"_links":{"self":[{"href":"https:\/\/medgyd.lt\/parduotuve\/wp-json\/wp\/v2\/product\/9655","targetHints":{"allow":["GET"]}}],"collection":[{"href":"https:\/\/medgyd.lt\/parduotuve\/wp-json\/wp\/v2\/product"}],"about":[{"href":"https:\/\/medgyd.lt\/parduotuve\/wp-json\/wp\/v2\/types\/product"}],"replies":[{"embeddable":true,"href":"https:\/\/medgyd.lt\/parduotuve\/wp-json\/wp\/v2\/comments?post=9655"}],"wp:featuredmedia":[{"embeddable":true,"href":"https:\/\/medgyd.lt\/parduotuve\/wp-json\/wp\/v2\/media\/9657"}],"wp:attachment":[{"href":"https:\/\/medgyd.lt\/parduotuve\/wp-json\/wp\/v2\/media?parent=9655"}],"wp:term":[{"taxonomy":"product_brand","embeddable":true,"href":"https:\/\/medgyd.lt\/parduotuve\/wp-json\/wp\/v2\/product_brand?post=9655"},{"taxonomy":"product_cat","embeddable":true,"href":"https:\/\/medgyd.lt\/parduotuve\/wp-json\/wp\/v2\/product_cat?post=9655"},{"taxonomy":"product_tag","embeddable":true,"href":"https:\/\/medgyd.lt\/parduotuve\/wp-json\/wp\/v2\/product_tag?post=9655"}],"curies":[{"name":"wp","href":"https:\/\/api.w.org\/{rel}","templated":true}]}}